{"id":2017,"date":"2022-11-04T11:26:31","date_gmt":"2022-11-04T11:26:31","guid":{"rendered":"https:\/\/thenations-cup.com\/?page_id=2017"},"modified":"2025-01-13T10:35:04","modified_gmt":"2025-01-13T09:35:04","slug":"terms-conditions-of-registration","status":"publish","type":"page","link":"https:\/\/thenations-cup.com\/pt\/termos-condicoes-de-registro\/","title":{"rendered":"Termos e condi\u00e7\u00f5es de inscri\u00e7\u00e3o"},"content":{"rendered":"<div class=\"wp-block-cover alignfull\" style=\"min-height:260px;aspect-ratio:unset;\"><span aria-hidden=\"true\" class=\"wp-block-cover__background has-ast-global-color-8-background-color has-background-dim-10 has-background-dim\"><\/span><img loading=\"lazy\" decoding=\"async\" width=\"2200\" height=\"674\" class=\"wp-block-cover__image-background wp-image-2750\" alt=\"\" src=\"https:\/\/thenations-cup.com\/wp-content\/uploads\/2025\/01\/BannVierge.png\" data-object-fit=\"cover\" srcset=\"https:\/\/thenations-cup.com\/wp-content\/uploads\/2025\/01\/BannVierge.png 2200w, https:\/\/thenations-cup.com\/wp-content\/uploads\/2025\/01\/BannVierge-300x92.png 300w, https:\/\/thenations-cup.com\/wp-content\/uploads\/2025\/01\/BannVierge-1024x314.png 1024w, https:\/\/thenations-cup.com\/wp-content\/uploads\/2025\/01\/BannVierge-768x235.png 768w, https:\/\/thenations-cup.com\/wp-content\/uploads\/2025\/01\/BannVierge-1536x471.png 1536w, https:\/\/thenations-cup.com\/wp-content\/uploads\/2025\/01\/BannVierge-2048x627.png 2048w, https:\/\/thenations-cup.com\/wp-content\/uploads\/2025\/01\/BannVierge-18x6.png 18w\" sizes=\"auto, (max-width: 2200px) 100vw, 2200px\" \/><div class=\"wp-block-cover__inner-container is-layout-flow wp-block-cover-is-layout-flow\">\n<h6 class=\"wp-block-heading animated slideInLeft has-white-color has-text-color\" style=\"margin-bottom:0px;font-size:34px\">Termos e condi\u00e7\u00f5es de<\/h6>\n\n\n\n<h2 class=\"wp-block-heading animated slideInUp has-white-color has-text-color\" style=\"margin-top:0px\"><strong>registro<\/strong><\/h2>\n<\/div><\/div>\n\n\n\n<section class=\"wp-block-uagb-columns uagb-columns__wrap uagb-columns__background-image uagb-columns__stack-tablet uagb-columns__valign- uagb-columns__gap-30 align uagb-block-649fa6e5 uagb-columns__columns-1 uagb-columns__max_width-custom\"><div class=\"uagb-columns__overlay\"><\/div><div class=\"uagb-columns__inner-wrap uagb-columns__columns-1\">\n<div class=\"wp-block-uagb-column uagb-column__wrap uagb-column__background-color uagb-block-9ad3f5ad\"><div class=\"uagb-column__overlay\"><\/div>\n<p><em>Publicado em 20 de dezembro de 2024.<\/em><br>A organiza\u00e7\u00e3o reserva-se o direito de alterar os termos e condi\u00e7\u00f5es destas regras. Por favor, verifique nosso site www.mundiavocat.com regularmente para os termos e condi\u00e7\u00f5es mais recentes.<\/p>\n\n\n\n<h2 class=\"wp-block-heading\">1 \u2013 Inscri\u00e7\u00e3o das equipas<\/h2>\n\n\n\n<p>1.1. O torneio \u00e9 aberto exclusivamente a equipas de advogados de sociedades de advogados, grupos de sociedades de advogados e profissionais do direito (not\u00e1rios, magistrados, ju\u00edzes e licenciados em estudos jur\u00eddicos superiores)<br>1.2. Cada equipe deve ser composta por:<br>\u2022 Futebol de 11: 13 a 26 jogadores<br>\u2022 Futebol de 5: 6 a 13 jogadores<\/p>\n\n\n\n<h2 class=\"wp-block-heading\">2 \u2013 Qualifica\u00e7\u00e3o do jogador<\/h2>\n\n\n\n<h3 class=\"wp-block-heading\"><strong>2.1. Forma\u00e7\u00e3o da equipe<\/strong><\/h3>\n\n\n\n<p>Todas as equipes devem ser constitu\u00eddas de acordo com as seguintes regras. Sujeito \u00e0s exce\u00e7\u00f5es estabelecidas na cl\u00e1usula 2.2 abaixo, os jogadores devem ser:<br>\u2022 Advogados inscritos (ou previamente inscritos) numa Ordem dos Advogados<br>\u2022 Magistrados, not\u00e1rios e licenciados em Direito<br>\u2022 Titulares de diploma de p\u00f3s-gradua\u00e7\u00e3o em direito ou justi\u00e7a<br>\u2022 Estagi\u00e1rios de Direito com idade superior a 23 anos (nascidos antes de 31.12.2001), com limite de 2 por equipe.<br><\/p>\n\n\n\n<h3 class=\"wp-block-heading\"><strong>2.2 Princ\u00edpios das derroga\u00e7\u00f5es<\/strong><\/h3>\n\n\n\n<p>Exce\u00e7\u00f5es podem ser feitas para funcion\u00e1rios permanentes de escrit\u00f3rios de advocacia, cart\u00f3rios ou dos v\u00e1rios tribunais. O n\u00famero de exce\u00e7\u00f5es n\u00e3o pode exceder 3 jogadores por equipe em torneios de 11 jogadores e 2 jogadores por equipe em torneios de 5 jogadores.<br>Neste caso, uma lista de jogadores \u201cisentos\u201d e \u201cn\u00e3o isentos\u201d deve ser enviada, juntamente com um certificado de emprego confirmando que os jogadores isentos s\u00e3o de fato funcion\u00e1rios permanentes da empresa. Esses funcion\u00e1rios devem ter mais de 30 anos (nascidos antes de 31\/12\/1995) em torneios Classic e Five, mais de 35 em torneios Master (nascidos antes de 31\/12\/1990), mais de 45 em torneios Legend (nascidos antes de 31\/12\/1980) e mais de 55 em torneios Super Legend (nascidos antes de 31\/12\/1970).<\/p>\n\n\n\n<h3 class=\"wp-block-heading\"><strong>2.3 Valida\u00e7\u00e3o das derroga\u00e7\u00f5es<\/strong><\/h3>\n\n\n\n<p>Nenhum pedido de isen\u00e7\u00e3o pode ser submetido e, portanto, aceito para uma pessoa que joga ou jogou futebol para um clube profissional ou semiprofissional, ou para qualquer outro clube pago. Para ser v\u00e1lido, os pedidos de isen\u00e7\u00e3o devem ser enviados a Vincent Pinatel, advogado e cofundador da Mundiavocat, no m\u00e1ximo 30 dias antes do in\u00edcio do torneio. Todas as condi\u00e7\u00f5es acima para isen\u00e7\u00e3o s\u00e3o essenciais, mas n\u00e3o suficientes para garantir a isen\u00e7\u00e3o. A decis\u00e3o final cabe ao Comit\u00ea do Torneio, composto pelo Sr. Pinatel e pelo Sr. Pagnier (Diretor do Torneio).<\/p>\n\n\n\n<h2 class=\"wp-block-heading\">3 \u2013 Composi\u00e7\u00e3o das equipas<\/h2>\n\n\n\n<h3 class=\"wp-block-heading\"><strong>Classic<\/strong><\/h3>\n\n\n\n<ul class=\"wp-block-list\">\n<li>\u2022 Advogados, not\u00e1rios ou magistrados sem limite de idade e nos casos acima mencionados.<\/li>\n<\/ul>\n\n\n\n<h3 class=\"wp-block-heading\"><strong>Master<\/strong><\/h3>\n\n\n\n<ul class=\"wp-block-list\">\n<li>\u2022 Advogados e profissionais do direito com mais de 35 anos (nascidos antes de 31\/12\/1990) e casos mencionados acima<\/li>\n\n\n\n<li>\u2022 5 advogados e profissionais jur\u00eddicos opcionais com mais de 30 anos (nascidos antes de 31\/12\/1995)<\/li>\n<\/ul>\n\n\n\n<h3 class=\"wp-block-heading\"><strong>Legend<\/strong><\/h3>\n\n\n\n<ul class=\"wp-block-list\">\n<li>\u2022 Advogados e profissionais do direito com mais de 45 anos (nascidos antes de 31\/12\/1980) e casos mencionados acima<\/li>\n\n\n\n<li>\u2022 5 advogados e profissionais jur\u00eddicos opcionais com mais de 40 anos (nascidos antes de 31\/12\/1985)<\/li>\n<\/ul>\n\n\n\n<h3 class=\"wp-block-heading\"><strong>Super Legend<\/strong><\/h3>\n\n\n\n<ul class=\"wp-block-list\">\n<li>\u2022 Advogados e profissionais do direito com mais de 55 anos (nascidos antes de 31\/12\/1970) e casos mencionados acima<\/li>\n\n\n\n<li>\u2022 5 advogados e profissionais jur\u00eddicos opcionais com mais de 50 anos (nascidos antes de 31\/12\/1975)<\/li>\n<\/ul>\n\n\n\n<h3 class=\"wp-block-heading\"><strong>Five Women &amp; Men<\/strong> e homens<\/h3>\n\n\n\n<ul class=\"wp-block-list\">\n<li>\u2022 Advogados e profissionais do direito sem limite de idade e nos casos acima mencionados<\/li>\n<\/ul>\n\n\n\n<div style=\"height:100px\" aria-hidden=\"true\" class=\"wp-block-spacer\"><\/div>\n<\/div>\n<\/div><\/section>","protected":false},"excerpt":{"rendered":"<p>Published 20 december 2024.The organisation reserves the right to amend the terms and conditions of these rules. Please check our website www.mundiavocat.com regularly for the latest terms and conditions. 1 &#8211; Team registration 1.1. The tournament is open exclusively to teams of lawyers from law firms, groups of law firm and legal professionals (notaries, magistrates, [&hellip;]<\/p>\n","protected":false},"author":1,"featured_media":0,"parent":0,"menu_order":0,"comment_status":"closed","ping_status":"closed","template":"","meta":{"_uag_custom_page_level_css":"","site-sidebar-layout":"default","site-content-layout":"","ast-site-content-layout":"default","site-content-style":"default","site-sidebar-style":"default","ast-global-header-display":"","ast-banner-title-visibility":"","ast-main-header-display":"","ast-hfb-above-header-display":"","ast-hfb-below-header-display":"","ast-hfb-mobile-header-display":"","site-post-title":"disabled","ast-breadcrumbs-content":"","ast-featured-img":"","footer-sml-layout":"","ast-disable-related-posts":"","theme-transparent-header-meta":"","adv-header-id-meta":"","stick-header-meta":"","header-above-stick-meta":"","header-main-stick-meta":"","header-below-stick-meta":"","astra-migrate-meta-layouts":"set","ast-page-background-enabled":"default","ast-page-background-meta":{"desktop":{"background-color":"var(--ast-global-color-4)","background-image":"","background-repeat":"repeat","background-position":"center center","background-size":"auto","background-attachment":"scroll","background-type":"","background-media":"","overlay-type":"","overlay-color":"","overlay-opacity":"","overlay-gradient":""},"tablet":{"background-color":"","background-image":"","background-repeat":"repeat","background-position":"center center","background-size":"auto","background-attachment":"scroll","background-type":"","background-media":"","overlay-type":"","overlay-color":"","overlay-opacity":"","overlay-gradient":""},"mobile":{"background-color":"","background-image":"","background-repeat":"repeat","background-position":"center center","background-size":"auto","background-attachment":"scroll","background-type":"","background-media":"","overlay-type":"","overlay-color":"","overlay-opacity":"","overlay-gradient":""}},"ast-content-background-meta":{"desktop":{"background-color":"var(--ast-global-color-5)","background-image":"","background-repeat":"repeat","background-position":"center center","background-size":"auto","background-attachment":"scroll","background-type":"","background-media":"","overlay-type":"","overlay-color":"","overlay-opacity":"","overlay-gradient":""},"tablet":{"background-color":"var(--ast-global-color-5)","background-image":"","background-repeat":"repeat","background-position":"center center","background-size":"auto","background-attachment":"scroll","background-type":"","background-media":"","overlay-type":"","overlay-color":"","overlay-opacity":"","overlay-gradient":""},"mobile":{"background-color":"var(--ast-global-color-5)","background-image":"","background-repeat":"repeat","background-position":"center center","background-size":"auto","background-attachment":"scroll","background-type":"","background-media":"","overlay-type":"","overlay-color":"","overlay-opacity":"","overlay-gradient":""}},"footnotes":""},"class_list":["post-2017","page","type-page","status-publish","hentry"],"uagb_featured_image_src":{"full":false,"thumbnail":false,"medium":false,"medium_large":false,"large":false,"1536x1536":false,"2048x2048":false,"trp-custom-language-flag":false},"uagb_author_info":{"display_name":"admin","author_link":"https:\/\/thenations-cup.com\/pt\/author\/dfuzionadmin\/"},"uagb_comment_info":0,"uagb_excerpt":"Published 20 december 2024.The organisation reserves the right to amend the terms and conditions of these rules. Please check our website www.mundiavocat.com regularly for the latest terms and conditions. 1 &#8211; Team registration 1.1. The tournament is open exclusively to teams of lawyers from law firms, groups of law firm and legal professionals (notaries, magistrates,&hellip;","_links":{"self":[{"href":"https:\/\/thenations-cup.com\/pt\/wp-json\/wp\/v2\/pages\/2017","targetHints":{"allow":["GET"]}}],"collection":[{"href":"https:\/\/thenations-cup.com\/pt\/wp-json\/wp\/v2\/pages"}],"about":[{"href":"https:\/\/thenations-cup.com\/pt\/wp-json\/wp\/v2\/types\/page"}],"author":[{"embeddable":true,"href":"https:\/\/thenations-cup.com\/pt\/wp-json\/wp\/v2\/users\/1"}],"replies":[{"embeddable":true,"href":"https:\/\/thenations-cup.com\/pt\/wp-json\/wp\/v2\/comments?post=2017"}],"version-history":[{"count":13,"href":"https:\/\/thenations-cup.com\/pt\/wp-json\/wp\/v2\/pages\/2017\/revisions"}],"predecessor-version":[{"id":2817,"href":"https:\/\/thenations-cup.com\/pt\/wp-json\/wp\/v2\/pages\/2017\/revisions\/2817"}],"wp:attachment":[{"href":"https:\/\/thenations-cup.com\/pt\/wp-json\/wp\/v2\/media?parent=2017"}],"curies":[{"name":"wp","href":"https:\/\/api.w.org\/{rel}","templated":true}]}}