{"id":1940,"date":"2022-11-04T11:16:44","date_gmt":"2022-11-04T11:16:44","guid":{"rendered":"https:\/\/thenations-cup.com\/?page_id=1940"},"modified":"2026-01-12T17:51:33","modified_gmt":"2026-01-12T16:51:33","slug":"fees","status":"publish","type":"page","link":"https:\/\/thenations-cup.com\/pt\/tarifas\/","title":{"rendered":"Tarifas"},"content":{"rendered":"<div class=\"wp-block-cover alignfull\" style=\"min-height:260px;aspect-ratio:unset;\"><img loading=\"lazy\" decoding=\"async\" width=\"2200\" height=\"674\" class=\"wp-block-cover__image-background wp-image-2750\" alt=\"\" src=\"https:\/\/thenations-cup.com\/wp-content\/uploads\/2025\/01\/BannVierge.png\" data-object-fit=\"cover\" srcset=\"https:\/\/thenations-cup.com\/wp-content\/uploads\/2025\/01\/BannVierge.png 2200w, https:\/\/thenations-cup.com\/wp-content\/uploads\/2025\/01\/BannVierge-300x92.png 300w, https:\/\/thenations-cup.com\/wp-content\/uploads\/2025\/01\/BannVierge-1024x314.png 1024w, https:\/\/thenations-cup.com\/wp-content\/uploads\/2025\/01\/BannVierge-768x235.png 768w, https:\/\/thenations-cup.com\/wp-content\/uploads\/2025\/01\/BannVierge-1536x471.png 1536w, https:\/\/thenations-cup.com\/wp-content\/uploads\/2025\/01\/BannVierge-2048x627.png 2048w, https:\/\/thenations-cup.com\/wp-content\/uploads\/2025\/01\/BannVierge-18x6.png 18w\" sizes=\"auto, (max-width: 2200px) 100vw, 2200px\" \/><span aria-hidden=\"true\" class=\"wp-block-cover__background has-ast-global-color-8-background-color has-background-dim-10 has-background-dim\"><\/span><div class=\"wp-block-cover__inner-container is-layout-flow wp-block-cover-is-layout-flow\">\n<h6 class=\"wp-block-heading animated slideInLeft has-white-color has-text-color\" style=\"margin-bottom:0px;font-size:34px\"><\/h6>\n\n\n\n<h2 class=\"wp-block-heading animated slideInUp has-white-color has-text-color\" style=\"margin-top:0px\">Tarifas<\/h2>\n<\/div><\/div>\n\n\n\n<section class=\"wp-block-uagb-columns uagb-columns__wrap uagb-columns__background-image uagb-columns__stack-tablet uagb-columns__valign- uagb-columns__gap-30 align uagb-block-a7e5bc1e uagb-columns__columns-1 uagb-columns__max_width-custom\"><div class=\"uagb-columns__overlay\"><\/div><div class=\"uagb-columns__inner-wrap uagb-columns__columns-1\">\n<div class=\"wp-block-uagb-column uagb-column__wrap uagb-column__background-color uagb-block-31ff5747\"><div class=\"uagb-column__overlay\"><\/div>\n<div class=\"inherit-container-width wp-block-group animated fadeIn delay-200ms is-layout-constrained wp-container-core-group-is-layout-631e39c3 wp-block-group-is-layout-constrained\" style=\"padding-top:50px;padding-right:50px;padding-bottom:50px;padding-left:50px\"><div class=\"wp-block-group__inner-container\">\n<h2 class=\"wp-block-heading\">Taxa de inscri\u00e7\u00e3o por equipa<\/h2>\n\n\n\n<h3 class=\"wp-block-heading has-ast-global-color-3-color has-text-color has-link-color wp-elements-145bdaaea725c715450c326b57730b13\"><strong>Futebol de 11: 3 000 \u20ac \u2013 Futebol de 5: 1 500 \u20ac<\/strong><\/h3>\n\n\n\n<p><strong>Essas taxas incluem:<\/strong><br>Todas as despesas de organiza\u00e7\u00e3o do torneio: fornecimento de campos de futebol, bolas, n\u00fameros de peito, arbitragem, \u00e1gua no campo, ta\u00e7as, trof\u00e9us e medalhas.<\/p>\n\n\n\n<h3 class=\"wp-block-heading\">Tarifas de pacotes por pessoa para 5 noites<\/h3>\n\n\n\n<section class=\"wp-block-uagb-columns uagb-columns__wrap uagb-columns__background-none uagb-columns__stack-mobile uagb-columns__valign- uagb-columns__gap-10 align uagb-block-f043f02b uagb-columns__columns-5 uagb-columns__max_width-theme\"><div class=\"uagb-columns__overlay\"><\/div><div class=\"uagb-columns__inner-wrap uagb-columns__columns-5\">\n<div class=\"wp-block-uagb-column uagb-column__wrap uagb-column__background-color uagb-block-f052a647\"><div class=\"uagb-column__overlay\"><\/div>\n<h5 class=\"wp-block-heading has-text-align-center has-ast-global-color-7-color has-text-color\"><strong>APARTAMENTOS<\/strong><\/h5>\n\n\n\n<p class=\"has-text-align-center\">Ocupa\u00e7\u00e3o qu\u00e1drupla<br><strong>259 \u20ac<\/strong><\/p>\n\n\n\n<p class=\"has-text-align-center\">Ocupa\u00e7\u00e3o tripla<br><strong>299 \u20ac<\/strong><\/p>\n\n\n\n<p class=\"has-text-align-center\">Ocupa\u00e7\u00e3o dupla<br><strong>399 \u20ac<\/strong><\/p>\n<\/div>\n\n\n\n<div class=\"wp-block-uagb-column uagb-column__wrap uagb-column__background-undefined uagb-block-a5c7fec5\"><div class=\"uagb-column__overlay\"><\/div>\n<p class=\"has-ast-global-color-7-color has-text-color\"><\/p>\n<\/div>\n\n\n\n<div class=\"wp-block-uagb-column uagb-column__wrap uagb-column__background-color uagb-block-8cbc74eb\"><div class=\"uagb-column__overlay\"><\/div>\n<h5 class=\"wp-block-heading has-text-align-center has-ast-global-color-7-color has-text-color\"><strong>CASA M\u00d3VEL<\/strong><\/h5>\n\n\n\n<p class=\"has-text-align-center\">Ocupa\u00e7\u00e3o qu\u00e1drupla<br>33<strong>9 \u20ac<\/strong><\/p>\n\n\n\n<p class=\"has-text-align-center\">Ocupa\u00e7\u00e3o tripla<strong><br><strong>389 \u20ac<\/strong><\/strong><\/p>\n<\/div>\n\n\n\n<div class=\"wp-block-uagb-column uagb-column__wrap uagb-column__background-undefined uagb-block-22131b43\"><div class=\"uagb-column__overlay\"><\/div><\/div>\n\n\n\n<div class=\"wp-block-uagb-column uagb-column__wrap uagb-column__background-color uagb-block-5313eeb0\"><div class=\"uagb-column__overlay\"><\/div>\n<h5 class=\"wp-block-heading has-text-align-center has-ast-global-color-7-color has-text-color\"><strong>HOTEL BELVEDERE<\/strong><\/h5>\n\n\n\n<p class=\"has-text-align-center\">Ocupa\u00e7\u00e3o dupla<br>56<strong>9 \u20ac<\/strong><\/p>\n\n\n\n<p class=\"has-text-align-center\">Ocupa\u00e7\u00e3o simples<strong><br>76<strong>9 \u20ac<\/strong><\/strong><\/p>\n<\/div>\n<\/div><\/section>\n\n\n\n<p>Tarifas para noite extra mediante solicita\u00e7\u00e3o.<\/p>\n\n\n\n<section class=\"wp-block-uagb-columns uagb-columns__wrap uagb-columns__background-none uagb-columns__stack-mobile uagb-columns__valign- uagb-columns__gap-10 align uagb-block-7089ad26 uagb-columns__columns-2 uagb-columns__max_width-theme\"><div class=\"uagb-columns__overlay\"><\/div><div class=\"uagb-columns__inner-wrap uagb-columns__columns-2\">\n<div class=\"wp-block-uagb-column uagb-column__wrap uagb-column__background-undefined uagb-block-949b1bb0\"><div class=\"uagb-column__overlay\"><\/div>\n<h4 class=\"wp-block-heading\">Estes pre\u00e7os incluem:<\/h4>\n\n\n\n<ul class=\"wp-block-list\">\n<li>\u2022 Acomoda\u00e7\u00e3o por 5 noites: CHECK-IN Ter\u00e7a-feira 23 de setembro \u2013 CHECK-OUT Domingo 28 de setembro de 2025;<\/li>\n\n\n\n<li>\u2022 Bebida de boas-vindas<\/li>\n\n\n\n<li>\u2022 A &#039;Festa Nations Cup&#039;<\/li>\n\n\n\n<li>\u2022 Custos organizacionais para a CSO, organizadora do Nations Cup 2025<br><\/li>\n<\/ul>\n\n\n\n<h4 class=\"wp-block-heading\"><br>Estes pre\u00e7os n\u00e3o incluem:<\/h4>\n\n\n\n<ul class=\"wp-block-list\">\n<li>\u2022 Taxas tur\u00edsticas a serem pagas diretamente aos hoteleiros<\/li>\n\n\n\n<li>\u2022 Despesas pessoais (alimenta\u00e7\u00e3o, bebidas, lavagem de roupa, itens extras diversos)<\/li>\n\n\n\n<li>\u2022 Assist\u00eancia de repatria\u00e7\u00e3o: aconselhamos vivamente os participantes a terem uma cobertura (despesas m\u00e9dicas e de repatria\u00e7\u00e3o incorridas em caso de les\u00e3o causada durante o evento).<br>Se voc\u00ea n\u00e3o tiver seu pr\u00f3prio seguro, podemos oferecer cobertura opcional. <br>Por favor entre em contato conosco<\/li>\n<\/ul>\n\n\n\n<p><strong><a href=\"https:\/\/thenations-cup.com\/pt\/termos-condicoes-de-registro\/\" data-type=\"page\" data-id=\"2017\">Consulte os nossos termos e condi\u00e7\u00f5es de registo<\/a><\/strong><\/p>\n<\/div>\n\n\n\n<div class=\"wp-block-uagb-column uagb-column__wrap uagb-column__background-undefined uagb-block-b664f0ee\"><div class=\"uagb-column__overlay\"><\/div>\n<figure class=\"wp-block-image size-full\"><img loading=\"lazy\" decoding=\"async\" width=\"709\" height=\"749\" src=\"https:\/\/thenations-cup.com\/wp-content\/uploads\/2025\/01\/Schedule.png\" alt=\"\" class=\"wp-image-2833\" srcset=\"https:\/\/thenations-cup.com\/wp-content\/uploads\/2025\/01\/Schedule.png 709w, https:\/\/thenations-cup.com\/wp-content\/uploads\/2025\/01\/Schedule-284x300.png 284w, https:\/\/thenations-cup.com\/wp-content\/uploads\/2025\/01\/Schedule-11x12.png 11w\" sizes=\"auto, (max-width: 709px) 100vw, 709px\" \/><\/figure>\n\n\n\n<h4 class=\"wp-block-heading has-text-align-center\">Calendario de pagamentos<\/h4>\n\n\n\n<p class=\"has-text-align-center\">Para confirmar sua inscri\u00e7\u00e3o, siga o cronograma de pagamento abaixo:<\/p>\n\n\n\n<p class=\"has-text-align-center\">Antes de 23\/03\/2025: <strong>3000 \u20ac<\/strong><br>Antes de 23\/06\/2025: <strong>3000 \u20ac<\/strong><br>Antes de 23\/08\/2025: <strong>Restante<\/strong><\/p>\n<\/div>\n<\/div><\/section>\n<\/div><\/div>\n<\/div>\n<\/div><\/section>\n\n\n\n<div class=\"wp-block-uagb-container uagb-block-8d5a9889 alignfull uagb-is-root-container\"><div class=\"uagb-container-inner-blocks-wrap\">\n<div class=\"wp-block-uagb-container uagb-block-8ed8c7fc default uagb-is-root-container\">\n<h2 class=\"wp-block-heading has-text-align-center\" style=\"margin-bottom:var(--wp--preset--spacing--50)\">Assine nossa newsletter!<\/h2>\n\n\n\n\t\t\t<form id=\"sib_signup_form_1\" method=\"post\" class=\"sib_signup_form\" action=\"\">\n\t\t\t\t<div class=\"sib_loader\" style=\"display:none;\"><img\n\t\t\t\t\t\t\tsrc=\"https:\/\/thenations-cup.com\/wp-includes\/images\/spinner.gif\" alt=\"carregador\"><\/div>\n\t\t\t\t<input type=\"hidden\" name=\"sib_form_action\" value=\"subscribe_form_submit\">\n\t\t\t\t<input type=\"hidden\" name=\"sib_form_id\" value=\"1\">\n                <input type=\"hidden\" name=\"sib_form_alert_notice\" value=\"Remplissez ce champ s\u2019il vous pla\u00eet\">\n                <input type=\"hidden\" name=\"sib_form_invalid_email_notice\" value=\"Cette adresse email n&#039;est pas valide\">\n                <input type=\"hidden\" name=\"sib_security\" value=\"cba595c51e\">\n\t\t\t\t<div class=\"sib_signup_box_inside_1\">\n\t\t\t\t\t<div style=\"\/*display:none*\/\" class=\"sib_msg_disp\">\n\t\t\t\t\t<\/div>\n                    \t\t\t\t\t<p>\r\n    <input type=\"text\" class=\"sib-PRENOM-area\" name=\"PRENOM\" placeholder=\"Primeiro nome\">\r\n\r\n    <input type=\"text\" class=\"sib-NOM-area\" name=\"NOM\" placeholder=\"Sobrenome\">\r\n\r\n    <input type=\"email\" class=\"sib-email-area\" name=\"email\" placeholder=\"E-mail\" required=\"required\">\r\n\r\n<input type=\"submit\" class=\"sib-default-btn\" value=\"OK\">\r\n<\/p>\r\n<p><input type=\"checkbox\" name=\"terms\" required=\"required\"> aceito <a href=\"https:\/\/thenations-cup.com\/pt\/politica-de-privacidade\/\">Pol\u00edtica de privacidade Nations Cup<\/a><br \/><i><small>Seu endere\u00e7o de e-mail ser\u00e1 usado apenas para enviar nossa newsletter e informa\u00e7\u00f5es sobre as atividades do Nations Cup.<\/small><\/i><\/p>\r\n\t\t\t\t<\/div>\n\t\t\t<input type=\"hidden\" name=\"trp-form-language\" value=\"pt\"\/><\/form>\n\t\t\t<style>\n\t\t\t\tform#sib_signup_form_1 p.sib-alert-message {\n    padding: 6px 12px;\n    margin-bottom: 20px;\n    border: 1px solid transparent;\n    border-radius: 4px;\n    -webkit-box-sizing: border-box;\n    -moz-box-sizing: border-box;\n    box-sizing: border-box;\n}\nform#sib_signup_form_1 p.sib-alert-message-error {\n    background-color: #f2dede;\n    border-color: #ebccd1;\n    color: #a94442;\n}\nform#sib_signup_form_1 p.sib-alert-message-success {\n    background-color: #dff0d8;\n    border-color: #d6e9c6;\n    color: #3c763d;\n}\nform#sib_signup_form_1 p.sib-alert-message-warning {\n    background-color: #fcf8e3;\n    border-color: #faebcc;\n    color: #8a6d3b;\n}\n\t\t\t<\/style>\n\t\t\t\n<\/div>\n<\/div><\/div>","protected":false},"excerpt":{"rendered":"<p>Registration fee per team 11-a-side Football: 3 000 \u20ac &#8211; 5-a-side Football: 1 500 \u20ac These fees include:All expenses for the tournament&#8217;s organisation: provision of football pitches, balls, bibs, refereeing, water on the pitch, cups, trophies and medals. Package rates per person for 5 nights APARTMENTS Quadruple occupancy259 \u20ac Triple occupancy299 \u20ac Double occupancy399 \u20ac [&hellip;]<\/p>\n","protected":false},"author":1,"featured_media":0,"parent":0,"menu_order":0,"comment_status":"closed","ping_status":"closed","template":"","meta":{"_uag_custom_page_level_css":"","site-sidebar-layout":"default","site-content-layout":"","ast-site-content-layout":"default","site-content-style":"default","site-sidebar-style":"default","ast-global-header-display":"","ast-banner-title-visibility":"","ast-main-header-display":"","ast-hfb-above-header-display":"","ast-hfb-below-header-display":"","ast-hfb-mobile-header-display":"","site-post-title":"disabled","ast-breadcrumbs-content":"","ast-featured-img":"","footer-sml-layout":"","ast-disable-related-posts":"","theme-transparent-header-meta":"","adv-header-id-meta":"","stick-header-meta":"","header-above-stick-meta":"","header-main-stick-meta":"","header-below-stick-meta":"","astra-migrate-meta-layouts":"set","ast-page-background-enabled":"default","ast-page-background-meta":{"desktop":{"background-color":"var(--ast-global-color-4)","background-image":"","background-repeat":"repeat","background-position":"center center","background-size":"auto","background-attachment":"scroll","background-type":"","background-media":"","overlay-type":"","overlay-color":"","overlay-opacity":"","overlay-gradient":""},"tablet":{"background-color":"","background-image":"","background-repeat":"repeat","background-position":"center center","background-size":"auto","background-attachment":"scroll","background-type":"","background-media":"","overlay-type":"","overlay-color":"","overlay-opacity":"","overlay-gradient":""},"mobile":{"background-color":"","background-image":"","background-repeat":"repeat","background-position":"center center","background-size":"auto","background-attachment":"scroll","background-type":"","background-media":"","overlay-type":"","overlay-color":"","overlay-opacity":"","overlay-gradient":""}},"ast-content-background-meta":{"desktop":{"background-color":"var(--ast-global-color-5)","background-image":"","background-repeat":"repeat","background-position":"center center","background-size":"auto","background-attachment":"scroll","background-type":"","background-media":"","overlay-type":"","overlay-color":"","overlay-opacity":"","overlay-gradient":""},"tablet":{"background-color":"var(--ast-global-color-5)","background-image":"","background-repeat":"repeat","background-position":"center center","background-size":"auto","background-attachment":"scroll","background-type":"","background-media":"","overlay-type":"","overlay-color":"","overlay-opacity":"","overlay-gradient":""},"mobile":{"background-color":"var(--ast-global-color-5)","background-image":"","background-repeat":"repeat","background-position":"center center","background-size":"auto","background-attachment":"scroll","background-type":"","background-media":"","overlay-type":"","overlay-color":"","overlay-opacity":"","overlay-gradient":""}},"footnotes":""},"class_list":["post-1940","page","type-page","status-publish","hentry"],"uagb_featured_image_src":{"full":false,"thumbnail":false,"medium":false,"medium_large":false,"large":false,"1536x1536":false,"2048x2048":false,"trp-custom-language-flag":false},"uagb_author_info":{"display_name":"admin","author_link":"https:\/\/thenations-cup.com\/pt\/author\/dfuzionadmin\/"},"uagb_comment_info":0,"uagb_excerpt":"Registration fee per team 11-a-side Football: 3 000 \u20ac &#8211; 5-a-side Football: 1 500 \u20ac These fees include:All expenses for the tournament&#8217;s organisation: provision of football pitches, balls, bibs, refereeing, water on the pitch, cups, trophies and medals. Package rates per person for 5 nights APARTMENTS Quadruple occupancy259 \u20ac Triple occupancy299 \u20ac Double occupancy399 \u20ac&hellip;","_links":{"self":[{"href":"https:\/\/thenations-cup.com\/pt\/wp-json\/wp\/v2\/pages\/1940","targetHints":{"allow":["GET"]}}],"collection":[{"href":"https:\/\/thenations-cup.com\/pt\/wp-json\/wp\/v2\/pages"}],"about":[{"href":"https:\/\/thenations-cup.com\/pt\/wp-json\/wp\/v2\/types\/page"}],"author":[{"embeddable":true,"href":"https:\/\/thenations-cup.com\/pt\/wp-json\/wp\/v2\/users\/1"}],"replies":[{"embeddable":true,"href":"https:\/\/thenations-cup.com\/pt\/wp-json\/wp\/v2\/comments?post=1940"}],"version-history":[{"count":39,"href":"https:\/\/thenations-cup.com\/pt\/wp-json\/wp\/v2\/pages\/1940\/revisions"}],"predecessor-version":[{"id":3013,"href":"https:\/\/thenations-cup.com\/pt\/wp-json\/wp\/v2\/pages\/1940\/revisions\/3013"}],"wp:attachment":[{"href":"https:\/\/thenations-cup.com\/pt\/wp-json\/wp\/v2\/media?parent=1940"}],"curies":[{"name":"wp","href":"https:\/\/api.w.org\/{rel}","templated":true}]}}