{"id":2099,"date":"2023-03-10T17:04:43","date_gmt":"2023-03-10T16:04:43","guid":{"rendered":"https:\/\/thenations-cup.com\/?page_id=2099"},"modified":"2026-01-12T17:53:41","modified_gmt":"2026-01-12T16:53:41","slug":"presentation","status":"publish","type":"page","link":"https:\/\/thenations-cup.com\/fr\/tourmaments\/presentation\/","title":{"rendered":"Pr\u00e9sentation"},"content":{"rendered":"<div class=\"wp-block-cover alignfull\" style=\"min-height:260px;aspect-ratio:unset;\"><img loading=\"lazy\" decoding=\"async\" width=\"2200\" height=\"674\" class=\"wp-block-cover__image-background wp-image-2750\" alt=\"\" src=\"https:\/\/thenations-cup.com\/wp-content\/uploads\/2025\/01\/BannVierge.png\" data-object-fit=\"cover\" srcset=\"https:\/\/thenations-cup.com\/wp-content\/uploads\/2025\/01\/BannVierge.png 2200w, https:\/\/thenations-cup.com\/wp-content\/uploads\/2025\/01\/BannVierge-300x92.png 300w, https:\/\/thenations-cup.com\/wp-content\/uploads\/2025\/01\/BannVierge-1024x314.png 1024w, https:\/\/thenations-cup.com\/wp-content\/uploads\/2025\/01\/BannVierge-768x235.png 768w, https:\/\/thenations-cup.com\/wp-content\/uploads\/2025\/01\/BannVierge-1536x471.png 1536w, https:\/\/thenations-cup.com\/wp-content\/uploads\/2025\/01\/BannVierge-2048x627.png 2048w, https:\/\/thenations-cup.com\/wp-content\/uploads\/2025\/01\/BannVierge-18x6.png 18w\" sizes=\"auto, (max-width: 2200px) 100vw, 2200px\" \/><span aria-hidden=\"true\" class=\"wp-block-cover__background has-ast-global-color-8-background-color has-background-dim-10 has-background-dim\"><\/span><div class=\"wp-block-cover__inner-container is-layout-flow wp-block-cover-is-layout-flow\">\n<h2 class=\"wp-block-heading animated slideInUp has-white-color has-text-color\" style=\"margin-top:0px\">Pr\u00e9sentation<\/h2>\n<\/div><\/div>\n\n\n\n<div style=\"height:60px\" aria-hidden=\"true\" class=\"wp-block-spacer\"><\/div>\n\n\n\n<section class=\"wp-block-uagb-columns uagb-columns__wrap uagb-columns__background-none uagb-columns__stack-tablet uagb-columns__valign- uagb-columns__gap-30 align uagb-block-7ce5214e uagb-columns__columns-2 uagb-columns__max_width-custom\"><div class=\"uagb-columns__overlay\"><\/div><div class=\"uagb-columns__inner-wrap uagb-columns__columns-2\">\n<div class=\"wp-block-uagb-column uagb-column__wrap uagb-column__background-color uagb-block-cfb38960\"><div class=\"uagb-column__overlay\"><\/div>\n<h3 class=\"wp-block-heading has-ast-global-color-7-color has-text-color\">Le Nations Cup 2025 est un tournoi international de football r\u00e9serv\u00e9 aux avocats, notaires et magistrats du monde entier.<\/h3>\n\n\n\n<p>A l&#039;image des experts, ce tournoi aura des r\u00e8gles d&#039;organisation similaires aux tournois d\u00e9j\u00e0 organis\u00e9s par le Corporate Sport Organisation (Mundiavocat, Eurolawyers, Americalawyers, Asialawyers, Tournoi des Avocats Francophones, Tournoi de Paris) et est ouvert aux \u00e9quipes du monde entier. <\/p>\n\n\n\n<p><\/p>\n<\/div>\n\n\n\n<div class=\"wp-block-uagb-column uagb-column__wrap uagb-column__background-image uagb-block-72435925\"><div class=\"uagb-column__overlay\"><\/div>\n<h3 class=\"wp-block-heading\">6 tournois de football seront organis\u00e9s :<\/h3>\n\n\n\n<ul class=\"wp-block-list\">\n<li>\u2022 <strong>Classic<\/strong> <em>(pas de limite d&#039;\u00e2ge)<\/em><\/li>\n\n\n\n<li>\u2022 <strong>Master<\/strong> <em>(plus de 35 ans)<\/em><\/li>\n\n\n\n<li>\u2022 <strong>Legend<\/strong> <em>(plus de 45 ans)<\/em><\/li>\n\n\n\n<li>\u2022 <strong>Super-Legend<\/strong> <em>(plus de 55 ans)<\/em><\/li>\n\n\n\n<li>\u2022 <strong>Five Women &amp; Men<\/strong> <em>(pas de limite d&#039;\u00e2ge)<\/em><\/li>\n\n\n\n<li>\u2022 <strong>Cinq hommes<\/strong> <em>(pas de limite d&#039;\u00e2ge)<\/em><\/li>\n<\/ul>\n\n\n\n<p>Chaque \u00e9quipe jouera entre 4 et 6 matchs de 40 \u00e0 80 minutes, selon sa cat\u00e9gorie et ses r\u00e9sultats dans le tournoi.<\/p>\n<\/div>\n<\/div><\/section>\n\n\n\n<section class=\"wp-block-uagb-columns uagb-columns__wrap uagb-columns__background-image uagb-columns__stack-tablet uagb-columns__valign- uagb-columns__gap-30 align uagb-block-15e90fd1 uagb-columns__columns-2 uagb-columns__max_width-custom\"><div class=\"uagb-columns__overlay\"><\/div><div class=\"uagb-columns__inner-wrap uagb-columns__columns-2\">\n<div class=\"wp-block-uagb-column uagb-column__wrap uagb-column__background-color uagb-block-2e091e1d\"><div class=\"uagb-column__overlay\"><\/div>\n<div class=\"inherit-container-width wp-block-group animated fadeIn delay-200ms has-ast-global-color-3-background-color has-background is-layout-constrained wp-container-core-group-is-layout-631e39c3 wp-block-group-is-layout-constrained\" style=\"padding-top:50px;padding-right:50px;padding-bottom:50px;padding-left:50px\"><div class=\"wp-block-group__inner-container\">\n<h3 class=\"wp-block-heading has-ast-global-color-5-color has-text-color\">Arbitrage<\/h3>\n\n\n\n<p class=\"has-ast-global-color-5-color has-text-color\">Pour assurer le bon d\u00e9roulement de la comp\u00e9tition, les arbitres n\u00e9cessaires aux matchs du tournoi seront mis \u00e0 disposition : 3 arbitres et 2 d\u00e9l\u00e9gu\u00e9s seront d\u00e9ploy\u00e9s pour le football \u00e0 11 et 1 arbitre pour le football \u00e0 5.<\/p>\n\n\n\n<h3 class=\"wp-block-heading has-ast-global-color-5-color has-text-color\">Troph\u00e9es<\/h3>\n\n\n\n<p class=\"has-ast-global-color-5-color has-text-color\">Des prix individuels et collectifs seront remis :<\/p>\n\n\n\n<ul class=\"wp-block-list has-ast-global-color-5-color has-text-color\">\n<li>Champions, vice-champions et 3\u00e8me : coupes et m\u00e9dailles (or, argent et bronze), <\/li>\n\n\n\n<li>Toutes les autres \u00e9quipes se verront remettre une coupe avec leur classement respectif;<\/li>\n\n\n\n<li>De plus, des prix sp\u00e9ciaux seront attribu\u00e9s pour r\u00e9compenser, dans chaque tournoi, les meilleurs joueurs, les meilleurs buteurs, les meilleurs gardiens, les meilleurs managers et les \u00e9quipes les plus fairplay.<\/li>\n<\/ul>\n<\/div><\/div>\n<\/div>\n\n\n\n<div class=\"wp-block-uagb-column uagb-column__wrap uagb-column__background-undefined uagb-block-20b4eeee\"><div class=\"uagb-column__overlay\"><\/div>\n<figure class=\"wp-block-image size-large is-resized\"><img loading=\"lazy\" decoding=\"async\" width=\"1024\" height=\"682\" src=\"https:\/\/thenations-cup.com\/wp-content\/uploads\/2022\/11\/Belges-1024x682.jpg\" alt=\"\" class=\"wp-image-1947\" style=\"width:512px;height:341px\" srcset=\"https:\/\/thenations-cup.com\/wp-content\/uploads\/2022\/11\/Belges-1024x682.jpg 1024w, https:\/\/thenations-cup.com\/wp-content\/uploads\/2022\/11\/Belges-300x200.jpg 300w, https:\/\/thenations-cup.com\/wp-content\/uploads\/2022\/11\/Belges-768x512.jpg 768w, https:\/\/thenations-cup.com\/wp-content\/uploads\/2022\/11\/Belges-18x12.jpg 18w, https:\/\/thenations-cup.com\/wp-content\/uploads\/2022\/11\/Belges.jpg 1181w\" sizes=\"auto, (max-width: 1024px) 100vw, 1024px\" \/><\/figure>\n\n\n\n<section class=\"wp-block-uagb-columns uagb-columns__wrap uagb-columns__background-image uagb-columns__stack-mobile uagb-columns__valign-center uagb-columns__gap-10 align uagb-block-71f555b9 uagb-columns__columns-2 uagb-columns__max_width-theme\"><div class=\"uagb-columns__overlay\"><\/div><div class=\"uagb-columns__inner-wrap uagb-columns__columns-2\">\n<div class=\"wp-block-uagb-column uagb-column__wrap uagb-column__background-image uagb-block-3cdc1db3\"><div class=\"uagb-column__overlay\"><\/div>\n<h3 class=\"wp-block-heading has-ast-global-color-7-color has-text-color\">Inscription<\/h3>\n\n\n\n<p>Toute \u00e9quipe repr\u00e9sentant un ou plusieurs barreaux ou soci\u00e9t\u00e9s d\u2019avocats et de notaires est en mesure de participer. Il n\u2019existe pas de nombre limit\u00e9 par ville ou par pays, ni de syst\u00e8me de qualification.<\/p>\n<\/div>\n\n\n\n<div class=\"wp-block-uagb-column uagb-column__wrap uagb-column__background-undefined uagb-block-f415fd08\"><div class=\"uagb-column__overlay\"><\/div>\n<div style=\"height:10px\" aria-hidden=\"true\" class=\"wp-block-spacer\"><\/div>\n\n\n\n<figure class=\"wp-block-image aligncenter size-full is-resized animated fadeIn delay-200ms\"><img loading=\"lazy\" decoding=\"async\" width=\"667\" height=\"632\" src=\"https:\/\/thenations-cup.com\/wp-content\/uploads\/2022\/11\/LogoRacism.png\" alt=\"\" class=\"wp-image-1949\" style=\"width:152px;height:145px\" srcset=\"https:\/\/thenations-cup.com\/wp-content\/uploads\/2022\/11\/LogoRacism.png 667w, https:\/\/thenations-cup.com\/wp-content\/uploads\/2022\/11\/LogoRacism-300x284.png 300w, https:\/\/thenations-cup.com\/wp-content\/uploads\/2022\/11\/LogoRacism-13x12.png 13w\" sizes=\"auto, (max-width: 667px) 100vw, 667px\" \/><\/figure>\n<\/div>\n<\/div><\/section>\n<\/div>\n<\/div><\/section>\n\n\n\n<div style=\"height:53px\" aria-hidden=\"true\" class=\"wp-block-spacer\"><\/div>\n\n\n\n<div class=\"wp-block-uagb-container uagb-block-8d5a9889 alignfull uagb-is-root-container\"><div class=\"uagb-container-inner-blocks-wrap\">\n<div class=\"wp-block-uagb-container uagb-block-8ed8c7fc default uagb-is-root-container\">\n<h2 class=\"wp-block-heading has-text-align-center\" style=\"margin-bottom:var(--wp--preset--spacing--50)\">Abonnez-vous \u00e0 notre newsletter !<\/h2>\n\n\n\n\t\t\t<form id=\"sib_signup_form_1\" method=\"post\" class=\"sib_signup_form\" action=\"\">\n\t\t\t\t<div class=\"sib_loader\" style=\"display:none;\"><img\n\t\t\t\t\t\t\tsrc=\"https:\/\/thenations-cup.com\/wp-includes\/images\/spinner.gif\" alt=\"chargeur\"><\/div>\n\t\t\t\t<input type=\"hidden\" name=\"sib_form_action\" value=\"subscribe_form_submit\">\n\t\t\t\t<input type=\"hidden\" name=\"sib_form_id\" value=\"1\">\n                <input type=\"hidden\" name=\"sib_form_alert_notice\" value=\"Remplissez ce champ s\u2019il vous pla\u00eet\">\n                <input type=\"hidden\" name=\"sib_form_invalid_email_notice\" value=\"Cette adresse email n&#039;est pas valide\">\n                <input type=\"hidden\" name=\"sib_security\" value=\"cba595c51e\">\n\t\t\t\t<div class=\"sib_signup_box_inside_1\">\n\t\t\t\t\t<div style=\"\/*display:none*\/\" class=\"sib_msg_disp\">\n\t\t\t\t\t<\/div>\n                    \t\t\t\t\t<p>\r\n    <input type=\"text\" class=\"sib-PRENOM-area\" name=\"PRENOM\" placeholder=\"Pr\u00e9nom\">\r\n\r\n    <input type=\"text\" class=\"sib-NOM-area\" name=\"NOM\" placeholder=\"Nom de famille\">\r\n\r\n    <input type=\"email\" class=\"sib-email-area\" name=\"email\" placeholder=\"E-mail\" required=\"required\">\r\n\r\n<input type=\"submit\" class=\"sib-default-btn\" value=\"D&#039;ACCORD\">\r\n<\/p>\r\n<p><input type=\"checkbox\" name=\"terms\" required=\"required\"> J&#039;accepte <a href=\"https:\/\/thenations-cup.com\/fr\/politique-de-confidentialite\/\">Politique de confidentialit\u00e9 de Nations Cup<\/a><br \/><i><small>Votre adresse e-mail est uniquement utilis\u00e9e pour vous envoyer notre newsletter et des informations sur les activit\u00e9s de Nations Cup.<\/small><\/i><\/p>\r\n\t\t\t\t<\/div>\n\t\t\t<input type=\"hidden\" name=\"trp-form-language\" value=\"fr\"\/><\/form>\n\t\t\t<style>\n\t\t\t\tform#sib_signup_form_1 p.sib-alert-message {\n    padding: 6px 12px;\n    margin-bottom: 20px;\n    border: 1px solid transparent;\n    border-radius: 4px;\n    -webkit-box-sizing: border-box;\n    -moz-box-sizing: border-box;\n    box-sizing: border-box;\n}\nform#sib_signup_form_1 p.sib-alert-message-error {\n    background-color: #f2dede;\n    border-color: #ebccd1;\n    color: #a94442;\n}\nform#sib_signup_form_1 p.sib-alert-message-success {\n    background-color: #dff0d8;\n    border-color: #d6e9c6;\n    color: #3c763d;\n}\nform#sib_signup_form_1 p.sib-alert-message-warning {\n    background-color: #fcf8e3;\n    border-color: #faebcc;\n    color: #8a6d3b;\n}\n\t\t\t<\/style>\n\t\t\t\n<\/div>\n<\/div><\/div>\n\n\n\n<div style=\"height:100px\" aria-hidden=\"true\" class=\"wp-block-spacer\"><\/div>","protected":false},"excerpt":{"rendered":"<p>The Nations Cup 2025 is an international football tournament reserved for lawyers, notaries and magistrates from all over the world. Following in the footsteps of experts, this tournament will have similar organisational rules to the tournaments already organised by the Corporate Sport Organisation (Mundiavocat, Eurolawyers, Americalawyers, Asialawyers, Tournament des Avocats Francophones, Tournament de Paris) and [&hellip;]<\/p>\n","protected":false},"author":1,"featured_media":0,"parent":1938,"menu_order":0,"comment_status":"closed","ping_status":"closed","template":"","meta":{"_uag_custom_page_level_css":"","site-sidebar-layout":"default","site-content-layout":"","ast-site-content-layout":"default","site-content-style":"default","site-sidebar-style":"default","ast-global-header-display":"","ast-banner-title-visibility":"","ast-main-header-display":"","ast-hfb-above-header-display":"","ast-hfb-below-header-display":"","ast-hfb-mobile-header-display":"","site-post-title":"disabled","ast-breadcrumbs-content":"","ast-featured-img":"","footer-sml-layout":"","ast-disable-related-posts":"","theme-transparent-header-meta":"","adv-header-id-meta":"","stick-header-meta":"","header-above-stick-meta":"","header-main-stick-meta":"","header-below-stick-meta":"","astra-migrate-meta-layouts":"set","ast-page-background-enabled":"default","ast-page-background-meta":{"desktop":{"background-color":"var(--ast-global-color-4)","background-image":"","background-repeat":"repeat","background-position":"center center","background-size":"auto","background-attachment":"scroll","background-type":"","background-media":"","overlay-type":"","overlay-color":"","overlay-opacity":"","overlay-gradient":""},"tablet":{"background-color":"","background-image":"","background-repeat":"repeat","background-position":"center center","background-size":"auto","background-attachment":"scroll","background-type":"","background-media":"","overlay-type":"","overlay-color":"","overlay-opacity":"","overlay-gradient":""},"mobile":{"background-color":"","background-image":"","background-repeat":"repeat","background-position":"center center","background-size":"auto","background-attachment":"scroll","background-type":"","background-media":"","overlay-type":"","overlay-color":"","overlay-opacity":"","overlay-gradient":""}},"ast-content-background-meta":{"desktop":{"background-color":"var(--ast-global-color-5)","background-image":"","background-repeat":"repeat","background-position":"center center","background-size":"auto","background-attachment":"scroll","background-type":"","background-media":"","overlay-type":"","overlay-color":"","overlay-opacity":"","overlay-gradient":""},"tablet":{"background-color":"var(--ast-global-color-5)","background-image":"","background-repeat":"repeat","background-position":"center center","background-size":"auto","background-attachment":"scroll","background-type":"","background-media":"","overlay-type":"","overlay-color":"","overlay-opacity":"","overlay-gradient":""},"mobile":{"background-color":"var(--ast-global-color-5)","background-image":"","background-repeat":"repeat","background-position":"center center","background-size":"auto","background-attachment":"scroll","background-type":"","background-media":"","overlay-type":"","overlay-color":"","overlay-opacity":"","overlay-gradient":""}},"footnotes":""},"class_list":["post-2099","page","type-page","status-publish","hentry"],"uagb_featured_image_src":{"full":false,"thumbnail":false,"medium":false,"medium_large":false,"large":false,"1536x1536":false,"2048x2048":false,"trp-custom-language-flag":false},"uagb_author_info":{"display_name":"admin","author_link":"https:\/\/thenations-cup.com\/fr\/author\/dfuzionadmin\/"},"uagb_comment_info":0,"uagb_excerpt":"The Nations Cup 2025 is an international football tournament reserved for lawyers, notaries and magistrates from all over the world. Following in the footsteps of experts, this tournament will have similar organisational rules to the tournaments already organised by the Corporate Sport Organisation (Mundiavocat, Eurolawyers, Americalawyers, Asialawyers, Tournament des Avocats Francophones, Tournament de Paris) and\u2026","_links":{"self":[{"href":"https:\/\/thenations-cup.com\/fr\/wp-json\/wp\/v2\/pages\/2099","targetHints":{"allow":["GET"]}}],"collection":[{"href":"https:\/\/thenations-cup.com\/fr\/wp-json\/wp\/v2\/pages"}],"about":[{"href":"https:\/\/thenations-cup.com\/fr\/wp-json\/wp\/v2\/types\/page"}],"author":[{"embeddable":true,"href":"https:\/\/thenations-cup.com\/fr\/wp-json\/wp\/v2\/users\/1"}],"replies":[{"embeddable":true,"href":"https:\/\/thenations-cup.com\/fr\/wp-json\/wp\/v2\/comments?post=2099"}],"version-history":[{"count":10,"href":"https:\/\/thenations-cup.com\/fr\/wp-json\/wp\/v2\/pages\/2099\/revisions"}],"predecessor-version":[{"id":3020,"href":"https:\/\/thenations-cup.com\/fr\/wp-json\/wp\/v2\/pages\/2099\/revisions\/3020"}],"up":[{"embeddable":true,"href":"https:\/\/thenations-cup.com\/fr\/wp-json\/wp\/v2\/pages\/1938"}],"wp:attachment":[{"href":"https:\/\/thenations-cup.com\/fr\/wp-json\/wp\/v2\/media?parent=2099"}],"curies":[{"name":"wp","href":"https:\/\/api.w.org\/{rel}","templated":true}]}}