{"id":2017,"date":"2022-11-04T11:26:31","date_gmt":"2022-11-04T11:26:31","guid":{"rendered":"https:\/\/thenations-cup.com\/?page_id=2017"},"modified":"2025-01-13T10:35:04","modified_gmt":"2025-01-13T09:35:04","slug":"terms-conditions-of-registration","status":"publish","type":"page","link":"https:\/\/thenations-cup.com\/fr\/conditions-d-inscription\/","title":{"rendered":"Termes et conditions d&#039;inscription"},"content":{"rendered":"<div class=\"wp-block-cover alignfull\" style=\"min-height:260px;aspect-ratio:unset;\"><span aria-hidden=\"true\" class=\"wp-block-cover__background has-ast-global-color-8-background-color has-background-dim-10 has-background-dim\"><\/span><img loading=\"lazy\" decoding=\"async\" width=\"2200\" height=\"674\" class=\"wp-block-cover__image-background wp-image-2750\" alt=\"\" src=\"https:\/\/thenations-cup.com\/wp-content\/uploads\/2025\/01\/BannVierge.png\" data-object-fit=\"cover\" srcset=\"https:\/\/thenations-cup.com\/wp-content\/uploads\/2025\/01\/BannVierge.png 2200w, https:\/\/thenations-cup.com\/wp-content\/uploads\/2025\/01\/BannVierge-300x92.png 300w, https:\/\/thenations-cup.com\/wp-content\/uploads\/2025\/01\/BannVierge-1024x314.png 1024w, https:\/\/thenations-cup.com\/wp-content\/uploads\/2025\/01\/BannVierge-768x235.png 768w, https:\/\/thenations-cup.com\/wp-content\/uploads\/2025\/01\/BannVierge-1536x471.png 1536w, https:\/\/thenations-cup.com\/wp-content\/uploads\/2025\/01\/BannVierge-2048x627.png 2048w, https:\/\/thenations-cup.com\/wp-content\/uploads\/2025\/01\/BannVierge-18x6.png 18w\" sizes=\"auto, (max-width: 2200px) 100vw, 2200px\" \/><div class=\"wp-block-cover__inner-container is-layout-flow wp-block-cover-is-layout-flow\">\n<h6 class=\"wp-block-heading animated slideInLeft has-white-color has-text-color\" style=\"margin-bottom:0px;font-size:34px\">Termes et conditions de<\/h6>\n\n\n\n<h2 class=\"wp-block-heading animated slideInUp has-white-color has-text-color\" style=\"margin-top:0px\"><strong>inscription<\/strong><\/h2>\n<\/div><\/div>\n\n\n\n<section class=\"wp-block-uagb-columns uagb-columns__wrap uagb-columns__background-image uagb-columns__stack-tablet uagb-columns__valign- uagb-columns__gap-30 align uagb-block-649fa6e5 uagb-columns__columns-1 uagb-columns__max_width-custom\"><div class=\"uagb-columns__overlay\"><\/div><div class=\"uagb-columns__inner-wrap uagb-columns__columns-1\">\n<div class=\"wp-block-uagb-column uagb-column__wrap uagb-column__background-color uagb-block-9ad3f5ad\"><div class=\"uagb-column__overlay\"><\/div>\n<p><em>Publi\u00e9 le 20 d\u00e9cembre 2024.<\/em><br>L&#039;organisation se r\u00e9serve le droit de modifier les termes et conditions du pr\u00e9sent r\u00e8glement. Veuillez consulter r\u00e9guli\u00e8rement notre site Internet www.mundiavocat.com pour conna\u00eetre les termes et conditions les plus r\u00e9cents.<\/p>\n\n\n\n<h2 class=\"wp-block-heading\">1 \u2013 Inscription des \u00e9quipes<\/h2>\n\n\n\n<p>1.1. Le tournoi est ouvert exclusivement aux \u00e9quipes d&#039;avocats des cabinets d&#039;avocats, aux groupes de cabinets d&#039;avocats et aux professionnels du droit (notaires, magistrats, juges et dipl\u00f4m\u00e9s d&#039;\u00e9tudes juridiques sup\u00e9rieures)<br>1.2. Chaque \u00e9quipe doit \u00eatre compos\u00e9e de :<br>\u2022 Football \u00e0 11 : 13 \u00e0 26 joueurs<br>\u2022 Football \u00e0 5 : 6 \u00e0 13 joueurs<\/p>\n\n\n\n<h2 class=\"wp-block-heading\">2 \u2013 Qualification des joueurs<\/h2>\n\n\n\n<h3 class=\"wp-block-heading\"><strong>2.1. Formation de l&#039;\u00e9quipe<\/strong><\/h3>\n\n\n\n<p>Toutes les \u00e9quipes doivent \u00eatre constitu\u00e9es conform\u00e9ment aux r\u00e8gles suivantes. Sous r\u00e9serve des exceptions \u00e9nonc\u00e9es \u00e0 la clause 2.2 ci-dessous, les joueurs doivent \u00eatre :<br>\u2022 Avocats inscrits (ou pr\u00e9c\u00e9demment inscrits) aupr\u00e8s d&#039;un barreau<br>\u2022 Magistrats, notaires et dipl\u00f4m\u00e9s d&#039;\u00e9tudes sup\u00e9rieures juridiques<br>\u2022 Titulaires d\u2019un dipl\u00f4me d\u2019\u00e9tudes sup\u00e9rieures juridiques ou judiciaires<br>\u2022 Stagiaires l\u00e9gaux \u00e2g\u00e9s de plus de 23 ans (n\u00e9s avant le 31.12.2001), dans la limite de 2 par \u00e9quipe.<br><\/p>\n\n\n\n<h3 class=\"wp-block-heading\"><strong>2.2 Principes des d\u00e9rogations<\/strong><\/h3>\n\n\n\n<p>Des exceptions peuvent \u00eatre pr\u00e9vues pour les employ\u00e9s permanents des cabinets d&#039;avocats, des notaires ou des diff\u00e9rents tribunaux. Le nombre d&#039;exceptions ne peut exc\u00e9der 3 joueurs par \u00e9quipe dans les tournois \u00e0 11 et 2 joueurs par \u00e9quipe dans les tournois \u00e0 5.<br>Dans ce cas, il faut fournir une liste des joueurs \u00ab exempt\u00e9s \u00bb et \u00ab non exempt\u00e9s \u00bb, accompagn\u00e9e d\u2019un certificat de travail attestant que les joueurs exempt\u00e9s sont bien des salari\u00e9s permanents de l\u2019entreprise. Ces salari\u00e9s doivent avoir plus de 30 ans (n\u00e9s avant le 31\/12\/1995) dans les tournois Classic &amp; Five, plus de 35 ans dans les tournois Master (n\u00e9s avant le 31\/12\/1990), plus de 45 ans dans les tournois Legend (n\u00e9s avant le 31\/12\/1980) et plus de 55 ans dans les tournois Super Legend (n\u00e9s avant le 31\/12\/1970).<\/p>\n\n\n\n<h3 class=\"wp-block-heading\"><strong>2.3 Validation des d\u00e9rogations<\/strong><\/h3>\n\n\n\n<p>Aucune demande de d\u00e9rogation ne peut \u00eatre d\u00e9pos\u00e9e et donc accept\u00e9e pour une personne qui joue ou a jou\u00e9 au football dans un club professionnel ou semi-professionnel, ou pour tout autre club r\u00e9mun\u00e9r\u00e9. Pour \u00eatre valables, les demandes de d\u00e9rogation doivent \u00eatre adress\u00e9es \u00e0 Vincent Pinatel, avocat et co-fondateur de Mundiavocat, au plus tard 30 jours avant le d\u00e9but du tournoi. Toutes les conditions de d\u00e9rogation ci-dessus sont indispensables mais ne suffisent pas \u00e0 garantir l&#039;exemption. La d\u00e9cision finale revient au Comit\u00e9 du Tournoi, compos\u00e9 de Me Pinatel et de Me Pagnier (Directeur du Tournoi).<\/p>\n\n\n\n<h2 class=\"wp-block-heading\">3 \u2013 Composition des \u00e9quipes<\/h2>\n\n\n\n<h3 class=\"wp-block-heading\"><strong>Classic<\/strong><\/h3>\n\n\n\n<ul class=\"wp-block-list\">\n<li>\u2022 Avocats, notaires ou magistrats sans limite d\u2019\u00e2ge et cas mentionn\u00e9s ci-dessus.<\/li>\n<\/ul>\n\n\n\n<h3 class=\"wp-block-heading\"><strong>Master<\/strong><\/h3>\n\n\n\n<ul class=\"wp-block-list\">\n<li>\u2022 Avocats et professionnels du droit de plus de 35 ans (n\u00e9s avant le 31\/12\/1990) et cas mentionn\u00e9s ci-dessus<\/li>\n\n\n\n<li>\u2022 5 avocats et professionnels du droit optionnels de plus de 30 ans (n\u00e9s avant le 31\/12\/1995)<\/li>\n<\/ul>\n\n\n\n<h3 class=\"wp-block-heading\"><strong>Legend<\/strong><\/h3>\n\n\n\n<ul class=\"wp-block-list\">\n<li>\u2022 Avocats et professionnels du droit de plus de 45 ans (n\u00e9s avant le 31\/12\/1980) et cas mentionn\u00e9s ci-dessus<\/li>\n\n\n\n<li>\u2022 5 avocats et professionnels du droit optionnels de plus de 40 ans (n\u00e9s avant le 31\/12\/1985)<\/li>\n<\/ul>\n\n\n\n<h3 class=\"wp-block-heading\"><strong>Super Legend<\/strong><\/h3>\n\n\n\n<ul class=\"wp-block-list\">\n<li>\u2022 Avocats et professionnels du droit de plus de 55 ans (n\u00e9s avant le 31\/12\/1970) et cas mentionn\u00e9s ci-dessus<\/li>\n\n\n\n<li>\u2022 5 avocats et professionnels du droit optionnels de plus de 50 ans (n\u00e9s avant le 31\/12\/1975)<\/li>\n<\/ul>\n\n\n\n<h3 class=\"wp-block-heading\"><strong>Five Women &amp; Men<\/strong> et les hommes<\/h3>\n\n\n\n<ul class=\"wp-block-list\">\n<li>\u2022 Avocats et professionnels du droit sans limite d&#039;\u00e2ge et cas mentionn\u00e9s ci-dessus<\/li>\n<\/ul>\n\n\n\n<div style=\"height:100px\" aria-hidden=\"true\" class=\"wp-block-spacer\"><\/div>\n<\/div>\n<\/div><\/section>","protected":false},"excerpt":{"rendered":"<p>Published 20 december 2024.The organisation reserves the right to amend the terms and conditions of these rules. Please check our website www.mundiavocat.com regularly for the latest terms and conditions. 1 &#8211; Team registration 1.1. The tournament is open exclusively to teams of lawyers from law firms, groups of law firm and legal professionals (notaries, magistrates, [&hellip;]<\/p>\n","protected":false},"author":1,"featured_media":0,"parent":0,"menu_order":0,"comment_status":"closed","ping_status":"closed","template":"","meta":{"_uag_custom_page_level_css":"","site-sidebar-layout":"default","site-content-layout":"","ast-site-content-layout":"default","site-content-style":"default","site-sidebar-style":"default","ast-global-header-display":"","ast-banner-title-visibility":"","ast-main-header-display":"","ast-hfb-above-header-display":"","ast-hfb-below-header-display":"","ast-hfb-mobile-header-display":"","site-post-title":"disabled","ast-breadcrumbs-content":"","ast-featured-img":"","footer-sml-layout":"","ast-disable-related-posts":"","theme-transparent-header-meta":"","adv-header-id-meta":"","stick-header-meta":"","header-above-stick-meta":"","header-main-stick-meta":"","header-below-stick-meta":"","astra-migrate-meta-layouts":"set","ast-page-background-enabled":"default","ast-page-background-meta":{"desktop":{"background-color":"var(--ast-global-color-4)","background-image":"","background-repeat":"repeat","background-position":"center center","background-size":"auto","background-attachment":"scroll","background-type":"","background-media":"","overlay-type":"","overlay-color":"","overlay-opacity":"","overlay-gradient":""},"tablet":{"background-color":"","background-image":"","background-repeat":"repeat","background-position":"center center","background-size":"auto","background-attachment":"scroll","background-type":"","background-media":"","overlay-type":"","overlay-color":"","overlay-opacity":"","overlay-gradient":""},"mobile":{"background-color":"","background-image":"","background-repeat":"repeat","background-position":"center center","background-size":"auto","background-attachment":"scroll","background-type":"","background-media":"","overlay-type":"","overlay-color":"","overlay-opacity":"","overlay-gradient":""}},"ast-content-background-meta":{"desktop":{"background-color":"var(--ast-global-color-5)","background-image":"","background-repeat":"repeat","background-position":"center center","background-size":"auto","background-attachment":"scroll","background-type":"","background-media":"","overlay-type":"","overlay-color":"","overlay-opacity":"","overlay-gradient":""},"tablet":{"background-color":"var(--ast-global-color-5)","background-image":"","background-repeat":"repeat","background-position":"center center","background-size":"auto","background-attachment":"scroll","background-type":"","background-media":"","overlay-type":"","overlay-color":"","overlay-opacity":"","overlay-gradient":""},"mobile":{"background-color":"var(--ast-global-color-5)","background-image":"","background-repeat":"repeat","background-position":"center center","background-size":"auto","background-attachment":"scroll","background-type":"","background-media":"","overlay-type":"","overlay-color":"","overlay-opacity":"","overlay-gradient":""}},"footnotes":""},"class_list":["post-2017","page","type-page","status-publish","hentry"],"uagb_featured_image_src":{"full":false,"thumbnail":false,"medium":false,"medium_large":false,"large":false,"1536x1536":false,"2048x2048":false,"trp-custom-language-flag":false},"uagb_author_info":{"display_name":"admin","author_link":"https:\/\/thenations-cup.com\/fr\/author\/dfuzionadmin\/"},"uagb_comment_info":0,"uagb_excerpt":"Published 20 december 2024.The organisation reserves the right to amend the terms and conditions of these rules. Please check our website www.mundiavocat.com regularly for the latest terms and conditions. 1 &#8211; Team registration 1.1. The tournament is open exclusively to teams of lawyers from law firms, groups of law firm and legal professionals (notaries, magistrates,\u2026","_links":{"self":[{"href":"https:\/\/thenations-cup.com\/fr\/wp-json\/wp\/v2\/pages\/2017","targetHints":{"allow":["GET"]}}],"collection":[{"href":"https:\/\/thenations-cup.com\/fr\/wp-json\/wp\/v2\/pages"}],"about":[{"href":"https:\/\/thenations-cup.com\/fr\/wp-json\/wp\/v2\/types\/page"}],"author":[{"embeddable":true,"href":"https:\/\/thenations-cup.com\/fr\/wp-json\/wp\/v2\/users\/1"}],"replies":[{"embeddable":true,"href":"https:\/\/thenations-cup.com\/fr\/wp-json\/wp\/v2\/comments?post=2017"}],"version-history":[{"count":13,"href":"https:\/\/thenations-cup.com\/fr\/wp-json\/wp\/v2\/pages\/2017\/revisions"}],"predecessor-version":[{"id":2817,"href":"https:\/\/thenations-cup.com\/fr\/wp-json\/wp\/v2\/pages\/2017\/revisions\/2817"}],"wp:attachment":[{"href":"https:\/\/thenations-cup.com\/fr\/wp-json\/wp\/v2\/media?parent=2017"}],"curies":[{"name":"wp","href":"https:\/\/api.w.org\/{rel}","templated":true}]}}