{"id":2477,"date":"2023-05-31T13:23:55","date_gmt":"2023-05-31T12:23:55","guid":{"rendered":"https:\/\/thenations-cup.com\/?page_id=2477"},"modified":"2026-01-12T17:54:53","modified_gmt":"2026-01-12T16:54:53","slug":"official-rules","status":"publish","type":"page","link":"https:\/\/thenations-cup.com\/es\/tourmaments\/reglas-oficiales\/","title":{"rendered":"Reglas Oficiales"},"content":{"rendered":"<div class=\"wp-block-cover alignfull\" style=\"min-height:500px;aspect-ratio:unset;\"><img loading=\"lazy\" decoding=\"async\" width=\"1800\" height=\"1018\" class=\"wp-block-cover__image-background wp-image-1287\" alt=\"\" src=\"https:\/\/thenations-cup.com\/wp-content\/uploads\/2022\/07\/header-sttropez.jpg\" data-object-fit=\"cover\" srcset=\"https:\/\/thenations-cup.com\/wp-content\/uploads\/2022\/07\/header-sttropez.jpg 1800w, https:\/\/thenations-cup.com\/wp-content\/uploads\/2022\/07\/header-sttropez-300x170.jpg 300w, https:\/\/thenations-cup.com\/wp-content\/uploads\/2022\/07\/header-sttropez-1024x579.jpg 1024w, https:\/\/thenations-cup.com\/wp-content\/uploads\/2022\/07\/header-sttropez-768x434.jpg 768w, https:\/\/thenations-cup.com\/wp-content\/uploads\/2022\/07\/header-sttropez-1536x869.jpg 1536w, https:\/\/thenations-cup.com\/wp-content\/uploads\/2022\/07\/header-sttropez-18x10.jpg 18w\" sizes=\"auto, (max-width: 1800px) 100vw, 1800px\" \/><span aria-hidden=\"true\" class=\"wp-block-cover__background has-ast-global-color-8-background-color has-background-dim-10 has-background-dim\"><\/span><div class=\"wp-block-cover__inner-container is-layout-flow wp-block-cover-is-layout-flow\">\n<h2 class=\"wp-block-heading animated slideInUp has-white-color has-text-color\" style=\"margin-top:0px\">Reglas Oficiales<\/h2>\n<\/div><\/div>\n\n\n\n<div style=\"height:40px\" aria-hidden=\"true\" class=\"wp-block-spacer\"><\/div>\n\n\n\n<h3 class=\"wp-block-heading has-text-align-center\">Descarga a continuaci\u00f3n las reglas oficiales en tu idioma favorito<\/h3>\n\n\n\n<div class=\"wp-block-uagb-container uagb-block-85a6588b alignfull uagb-is-root-container\"><div class=\"uagb-container-inner-blocks-wrap\">\n<div class=\"wp-block-uagb-container uagb-block-1b5b2b41\">\n<div class=\"wp-block-uagb-image uagb-block-4f23f4cf wp-block-uagb-image--layout-default wp-block-uagb-image--effect-static wp-block-uagb-image--align-none\"><figure class=\"wp-block-uagb-image__figure\"><a class=\"\" href=\"https:\/\/thenations-cup.com\/wp-content\/uploads\/2023\/05\/Reglement-EN.pdf\" target=\"_blank\" rel=\"noreferrer noopener\"><img decoding=\"async\" srcset=\"https:\/\/thenations-cup.com\/wp-content\/uploads\/2023\/05\/reglement-EN.jpeg \" sizes=\"auto, (max-width: 480px) 150px\" src=\"https:\/\/thenations-cup.com\/wp-content\/uploads\/2023\/05\/reglement-EN.jpeg\" alt=\"\" class=\"uag-image-2498\" width=\"612\" height=\"870\" title=\"\" loading=\"lazy\" role=\"img\"\/><\/a><\/figure><\/div>\n\n\n\n<div class=\"wp-block-file aligncenter\"><a href=\"https:\/\/thenations-cup.com\/wp-content\/uploads\/2023\/05\/Reglement-EN.pdf\" class=\"wp-block-file__button wp-element-button\" download><strong>Ingl\u00e9s<\/strong><\/a><\/div>\n<\/div>\n\n\n\n<div class=\"wp-block-uagb-container uagb-block-b9e67f68\">\n<div class=\"wp-block-uagb-image uagb-block-8c1b0b79 wp-block-uagb-image--layout-default wp-block-uagb-image--effect-static wp-block-uagb-image--align-none\"><figure class=\"wp-block-uagb-image__figure\"><a class=\"\" href=\"https:\/\/thenations-cup.com\/wp-content\/uploads\/2023\/05\/Reglement-ES.pdf\" target=\"_blank\" rel=\"noreferrer noopener\"><img decoding=\"async\" srcset=\"https:\/\/thenations-cup.com\/wp-content\/uploads\/2023\/05\/reglement-ES.jpeg \" sizes=\"auto, (max-width: 480px) 150px\" src=\"https:\/\/thenations-cup.com\/wp-content\/uploads\/2023\/05\/reglement-ES.jpeg\" alt=\"\" class=\"uag-image-2499\" width=\"644\" height=\"912\" title=\"\" loading=\"lazy\" role=\"img\"\/><\/a><\/figure><\/div>\n\n\n\n<div class=\"wp-block-file aligncenter\"><a href=\"https:\/\/thenations-cup.com\/wp-content\/uploads\/2023\/05\/Reglement-ES.pdf\" class=\"wp-block-file__button wp-element-button\" download><strong>Espa\u00f1ol<\/strong><\/a><\/div>\n<\/div>\n\n\n\n<div class=\"wp-block-uagb-container uagb-block-71b99bb9\">\n<div class=\"wp-block-uagb-image uagb-block-47c35b71 wp-block-uagb-image--layout-default wp-block-uagb-image--effect-static wp-block-uagb-image--align-none\"><figure class=\"wp-block-uagb-image__figure\"><a class=\"\" href=\"https:\/\/thenations-cup.com\/wp-content\/uploads\/2023\/05\/Reglement-FR.pdf\" target=\"_blank\" rel=\"noreferrer noopener\"><img decoding=\"async\" srcset=\"https:\/\/thenations-cup.com\/wp-content\/uploads\/2023\/05\/reglement-FR.jpeg \" sizes=\"auto, (max-width: 480px) 150px\" src=\"https:\/\/thenations-cup.com\/wp-content\/uploads\/2023\/05\/reglement-FR.jpeg\" alt=\"\" class=\"uag-image-2500\" width=\"620\" height=\"880\" title=\"\" loading=\"lazy\" role=\"img\"\/><\/a><\/figure><\/div>\n\n\n\n<div class=\"wp-block-file aligncenter\"><a href=\"https:\/\/thenations-cup.com\/wp-content\/uploads\/2023\/05\/Reglement-FR.pdf\" class=\"wp-block-file__button wp-element-button\" download><strong>Franc\u00e9s<\/strong><\/a><\/div>\n<\/div>\n\n\n\n<div class=\"wp-block-uagb-container uagb-block-3f15e741\">\n<div class=\"wp-block-uagb-image uagb-block-6a22249d wp-block-uagb-image--layout-default wp-block-uagb-image--effect-static wp-block-uagb-image--align-none\"><figure class=\"wp-block-uagb-image__figure\"><a class=\"\" href=\"https:\/\/thenations-cup.com\/wp-content\/uploads\/2023\/05\/Reglement-IT.pdf\" target=\"_blank\" rel=\"noreferrer noopener\"><img decoding=\"async\" srcset=\"https:\/\/thenations-cup.com\/wp-content\/uploads\/2023\/05\/reglement-IT.jpeg \" sizes=\"auto, (max-width: 480px) 150px\" src=\"https:\/\/thenations-cup.com\/wp-content\/uploads\/2023\/05\/reglement-IT.jpeg\" alt=\"\" class=\"uag-image-2501\" width=\"532\" height=\"754\" title=\"\" loading=\"lazy\" role=\"img\"\/><\/a><\/figure><\/div>\n\n\n\n<div class=\"wp-block-file aligncenter\"><a href=\"https:\/\/thenations-cup.com\/wp-content\/uploads\/2023\/05\/reglement-IT.jpeg\" class=\"wp-block-file__button wp-element-button\" download><strong>Italiano<\/strong><\/a><\/div>\n<\/div>\n<\/div><\/div>\n\n\n\n<div style=\"height:46px\" aria-hidden=\"true\" class=\"wp-block-spacer\"><\/div>\n\n\n\n<div class=\"wp-block-uagb-container uagb-block-8d5a9889 alignfull uagb-is-root-container\"><div class=\"uagb-container-inner-blocks-wrap\">\n<div class=\"wp-block-uagb-container uagb-block-8ed8c7fc default uagb-is-root-container\">\n<h2 class=\"wp-block-heading has-text-align-center\" style=\"margin-bottom:var(--wp--preset--spacing--50)\">\u00a1Suscr\u00edbete a nuestro bolet\u00edn!<\/h2>\n\n\n\n\t\t\t<form id=\"sib_signup_form_1\" method=\"post\" class=\"sib_signup_form\" action=\"\">\n\t\t\t\t<div class=\"sib_loader\" style=\"display:none;\"><img\n\t\t\t\t\t\t\tsrc=\"https:\/\/thenations-cup.com\/wp-includes\/images\/spinner.gif\" alt=\"cargador\"><\/div>\n\t\t\t\t<input type=\"hidden\" name=\"sib_form_action\" value=\"subscribe_form_submit\">\n\t\t\t\t<input type=\"hidden\" name=\"sib_form_id\" value=\"1\">\n                <input type=\"hidden\" name=\"sib_form_alert_notice\" value=\"Remplissez ce champ s\u2019il vous pla\u00eet\">\n                <input type=\"hidden\" name=\"sib_form_invalid_email_notice\" value=\"Cette adresse email n&#039;est pas valide\">\n                <input type=\"hidden\" name=\"sib_security\" value=\"e40704b0ad\">\n\t\t\t\t<div class=\"sib_signup_box_inside_1\">\n\t\t\t\t\t<div style=\"\/*display:none*\/\" class=\"sib_msg_disp\">\n\t\t\t\t\t<\/div>\n                    \t\t\t\t\t<p>\r\n    <input type=\"text\" class=\"sib-PRENOM-area\" name=\"PRENOM\" placeholder=\"Nombre de pila\">\r\n\r\n    <input type=\"text\" class=\"sib-NOM-area\" name=\"NOM\" placeholder=\"Apellido\">\r\n\r\n    <input type=\"email\" class=\"sib-email-area\" name=\"email\" placeholder=\"Correo electr\u00f3nico\" required=\"required\">\r\n\r\n<input type=\"submit\" class=\"sib-default-btn\" value=\"DE ACUERDO\">\r\n<\/p>\r\n<p><input type=\"checkbox\" name=\"terms\" required=\"required\"> Acepto <a href=\"https:\/\/thenations-cup.com\/es\/politica-de-privacidad\/\">Pol\u00edtica de privacidad de Nations Cup<\/a><br \/><i><small>Su direcci\u00f3n de correo electr\u00f3nico s\u00f3lo se utilizar\u00e1 para enviarle nuestro bolet\u00edn e informaci\u00f3n sobre las actividades de Nations Cup.<\/small><\/i><\/p>\r\n\t\t\t\t<\/div>\n\t\t\t<input type=\"hidden\" name=\"trp-form-language\" value=\"es\"\/><\/form>\n\t\t\t<style>\n\t\t\t\tform#sib_signup_form_1 p.sib-alert-message {\n    padding: 6px 12px;\n    margin-bottom: 20px;\n    border: 1px solid transparent;\n    border-radius: 4px;\n    -webkit-box-sizing: border-box;\n    -moz-box-sizing: border-box;\n    box-sizing: border-box;\n}\nform#sib_signup_form_1 p.sib-alert-message-error {\n    background-color: #f2dede;\n    border-color: #ebccd1;\n    color: #a94442;\n}\nform#sib_signup_form_1 p.sib-alert-message-success {\n    background-color: #dff0d8;\n    border-color: #d6e9c6;\n    color: #3c763d;\n}\nform#sib_signup_form_1 p.sib-alert-message-warning {\n    background-color: #fcf8e3;\n    border-color: #faebcc;\n    color: #8a6d3b;\n}\n\t\t\t<\/style>\n\t\t\t\n<\/div>\n<\/div><\/div>\n\n\n\n<div style=\"height:100px\" aria-hidden=\"true\" class=\"wp-block-spacer\"><\/div>","protected":false},"excerpt":{"rendered":"<p>Descarga a continuaci\u00f3n las reglas oficiales en tu idioma favorito<\/p>","protected":false},"author":1,"featured_media":0,"parent":1938,"menu_order":4,"comment_status":"closed","ping_status":"closed","template":"","meta":{"_uag_custom_page_level_css":"","site-sidebar-layout":"default","site-content-layout":"","ast-site-content-layout":"default","site-content-style":"default","site-sidebar-style":"default","ast-global-header-display":"","ast-banner-title-visibility":"","ast-main-header-display":"","ast-hfb-above-header-display":"","ast-hfb-below-header-display":"","ast-hfb-mobile-header-display":"","site-post-title":"disabled","ast-breadcrumbs-content":"","ast-featured-img":"","footer-sml-layout":"","ast-disable-related-posts":"","theme-transparent-header-meta":"","adv-header-id-meta":"","stick-header-meta":"","header-above-stick-meta":"","header-main-stick-meta":"","header-below-stick-meta":"","astra-migrate-meta-layouts":"set","ast-page-background-enabled":"default","ast-page-background-meta":{"desktop":{"background-color":"var(--ast-global-color-4)","background-image":"","background-repeat":"repeat","background-position":"center center","background-size":"auto","background-attachment":"scroll","background-type":"","background-media":"","overlay-type":"","overlay-color":"","overlay-opacity":"","overlay-gradient":""},"tablet":{"background-color":"","background-image":"","background-repeat":"repeat","background-position":"center center","background-size":"auto","background-attachment":"scroll","background-type":"","background-media":"","overlay-type":"","overlay-color":"","overlay-opacity":"","overlay-gradient":""},"mobile":{"background-color":"","background-image":"","background-repeat":"repeat","background-position":"center center","background-size":"auto","background-attachment":"scroll","background-type":"","background-media":"","overlay-type":"","overlay-color":"","overlay-opacity":"","overlay-gradient":""}},"ast-content-background-meta":{"desktop":{"background-color":"var(--ast-global-color-5)","background-image":"","background-repeat":"repeat","background-position":"center center","background-size":"auto","background-attachment":"scroll","background-type":"","background-media":"","overlay-type":"","overlay-color":"","overlay-opacity":"","overlay-gradient":""},"tablet":{"background-color":"var(--ast-global-color-5)","background-image":"","background-repeat":"repeat","background-position":"center center","background-size":"auto","background-attachment":"scroll","background-type":"","background-media":"","overlay-type":"","overlay-color":"","overlay-opacity":"","overlay-gradient":""},"mobile":{"background-color":"var(--ast-global-color-5)","background-image":"","background-repeat":"repeat","background-position":"center center","background-size":"auto","background-attachment":"scroll","background-type":"","background-media":"","overlay-type":"","overlay-color":"","overlay-opacity":"","overlay-gradient":""}},"footnotes":""},"class_list":["post-2477","page","type-page","status-publish","hentry"],"uagb_featured_image_src":{"full":false,"thumbnail":false,"medium":false,"medium_large":false,"large":false,"1536x1536":false,"2048x2048":false,"trp-custom-language-flag":false},"uagb_author_info":{"display_name":"admin","author_link":"https:\/\/thenations-cup.com\/es\/author\/dfuzionadmin\/"},"uagb_comment_info":0,"uagb_excerpt":"Download below the official rules in your favourite language","_links":{"self":[{"href":"https:\/\/thenations-cup.com\/es\/wp-json\/wp\/v2\/pages\/2477","targetHints":{"allow":["GET"]}}],"collection":[{"href":"https:\/\/thenations-cup.com\/es\/wp-json\/wp\/v2\/pages"}],"about":[{"href":"https:\/\/thenations-cup.com\/es\/wp-json\/wp\/v2\/types\/page"}],"author":[{"embeddable":true,"href":"https:\/\/thenations-cup.com\/es\/wp-json\/wp\/v2\/users\/1"}],"replies":[{"embeddable":true,"href":"https:\/\/thenations-cup.com\/es\/wp-json\/wp\/v2\/comments?post=2477"}],"version-history":[{"count":15,"href":"https:\/\/thenations-cup.com\/es\/wp-json\/wp\/v2\/pages\/2477\/revisions"}],"predecessor-version":[{"id":3024,"href":"https:\/\/thenations-cup.com\/es\/wp-json\/wp\/v2\/pages\/2477\/revisions\/3024"}],"up":[{"embeddable":true,"href":"https:\/\/thenations-cup.com\/es\/wp-json\/wp\/v2\/pages\/1938"}],"wp:attachment":[{"href":"https:\/\/thenations-cup.com\/es\/wp-json\/wp\/v2\/media?parent=2477"}],"curies":[{"name":"Gracias","href":"https:\/\/api.w.org\/{rel}","templated":true}]}}