{"id":2017,"date":"2022-11-04T11:26:31","date_gmt":"2022-11-04T11:26:31","guid":{"rendered":"https:\/\/thenations-cup.com\/?page_id=2017"},"modified":"2025-01-13T10:35:04","modified_gmt":"2025-01-13T09:35:04","slug":"terms-conditions-of-registration","status":"publish","type":"page","link":"https:\/\/thenations-cup.com\/es\/terminos-condiciones-de-registro\/","title":{"rendered":"T\u00e9rminos y condiciones de registro"},"content":{"rendered":"<div class=\"wp-block-cover alignfull\" style=\"min-height:260px;aspect-ratio:unset;\"><span aria-hidden=\"true\" class=\"wp-block-cover__background has-ast-global-color-8-background-color has-background-dim-10 has-background-dim\"><\/span><img loading=\"lazy\" decoding=\"async\" width=\"2200\" height=\"674\" class=\"wp-block-cover__image-background wp-image-2750\" alt=\"\" src=\"https:\/\/thenations-cup.com\/wp-content\/uploads\/2025\/01\/BannVierge.png\" data-object-fit=\"cover\" srcset=\"https:\/\/thenations-cup.com\/wp-content\/uploads\/2025\/01\/BannVierge.png 2200w, https:\/\/thenations-cup.com\/wp-content\/uploads\/2025\/01\/BannVierge-300x92.png 300w, https:\/\/thenations-cup.com\/wp-content\/uploads\/2025\/01\/BannVierge-1024x314.png 1024w, https:\/\/thenations-cup.com\/wp-content\/uploads\/2025\/01\/BannVierge-768x235.png 768w, https:\/\/thenations-cup.com\/wp-content\/uploads\/2025\/01\/BannVierge-1536x471.png 1536w, https:\/\/thenations-cup.com\/wp-content\/uploads\/2025\/01\/BannVierge-2048x627.png 2048w, https:\/\/thenations-cup.com\/wp-content\/uploads\/2025\/01\/BannVierge-18x6.png 18w\" sizes=\"auto, (max-width: 2200px) 100vw, 2200px\" \/><div class=\"wp-block-cover__inner-container is-layout-flow wp-block-cover-is-layout-flow\">\n<h6 class=\"wp-block-heading animated slideInLeft has-white-color has-text-color\" style=\"margin-bottom:0px;font-size:34px\">T\u00e9rminos y condiciones de<\/h6>\n\n\n\n<h2 class=\"wp-block-heading animated slideInUp has-white-color has-text-color\" style=\"margin-top:0px\"><strong>registro<\/strong><\/h2>\n<\/div><\/div>\n\n\n\n<section class=\"wp-block-uagb-columns uagb-columns__wrap uagb-columns__background-image uagb-columns__stack-tablet uagb-columns__valign- uagb-columns__gap-30 align uagb-block-649fa6e5 uagb-columns__columns-1 uagb-columns__max_width-custom\"><div class=\"uagb-columns__overlay\"><\/div><div class=\"uagb-columns__inner-wrap uagb-columns__columns-1\">\n<div class=\"wp-block-uagb-column uagb-column__wrap uagb-column__background-color uagb-block-9ad3f5ad\"><div class=\"uagb-column__overlay\"><\/div>\n<p><em>Publicado el 20 de diciembre de 2024.<\/em><br>La organizaci\u00f3n se reserva el derecho de modificar las condiciones de este reglamento. Por favor, consulte peri\u00f3dicamente nuestro sitio web www.mundiavocat.com para conocer las condiciones actualizadas.<\/p>\n\n\n\n<h2 class=\"wp-block-heading\">1- Inscripci\u00f3n de los equipos<\/h2>\n\n\n\n<p>1.1. El torneo est\u00e1 abierto exclusivamente a equipos de abogados de despachos de abogados, grupos de despachos de abogados y profesionales del derecho (notarios, magistrados, jueces y titulados de estudios jur\u00eddicos superiores).<br>1.2. Cada equipo deber\u00e1 estar formado por:<br>\u2022 F\u00fatbol 11: de 13 a 26 jugadores<br>\u2022 F\u00fatbol sala: de 6 a 13 jugadores<\/p>\n\n\n\n<h2 class=\"wp-block-heading\">2 \u2013 Calificaci\u00f3n de jugadores<\/h2>\n\n\n\n<h3 class=\"wp-block-heading\"><strong>2.1 Formaci\u00f3n del equipo<\/strong><\/h3>\n\n\n\n<p>Todos los equipos se constituir\u00e1n de acuerdo con las siguientes reglas. Sujeto a las excepciones establecidas en la cl\u00e1usula 2.2 a continuaci\u00f3n, los jugadores deber\u00e1n ser:<br>\u2022 Abogados registrados (o previamente registrados) en un colegio de abogados.<br>\u2022 Magistrados, notarios y egresados de estudios superiores jur\u00eddicos.<br>\u2022 Titulares de un t\u00edtulo de posgrado en derecho o en justicia.<br>\u2022 Pasantes legales mayores de 23 a\u00f1os (nacidos antes del 31.12.2001), con un l\u00edmite de 2 por equipo.<br><\/p>\n\n\n\n<h3 class=\"wp-block-heading\"><strong>2.2. Excepciones<\/strong><\/h3>\n\n\n\n<p>Se podr\u00e1n hacer excepciones para los empleados fijos de los despachos de abogados, notarios o de los distintos juzgados. El n\u00famero de excepciones no podr\u00e1 superar los 3 jugadores por equipo en los torneos de 11 jugadores y los 2 jugadores por equipo en los torneos de 5 jugadores.<br>En este caso, se deber\u00e1 presentar una lista de jugadores \u201cexentos\u201d y \u201cno exentos\u201d, junto con un certificado de trabajo que confirme que los jugadores exentos son, de hecho, empleados permanentes de la empresa. Estos empleados deben ser mayores de 30 a\u00f1os (nacidos antes del 31\/12\/1995) en torneos Classic &amp; Five, mayores de 35 a\u00f1os en torneos Master (nacidos antes del 31\/12\/1990), mayores de 45 a\u00f1os en torneos Legend (nacidos antes del 31\/12\/1980) y mayores de 55 a\u00f1os en torneos Super Legend (nacidos antes del 31\/12\/1970).<\/p>\n\n\n\n<h3 class=\"wp-block-heading\"><strong>2.3 Validaci\u00f3n de las excepciones<\/strong><\/h3>\n\n\n\n<p>No se podr\u00e1 presentar ni, por tanto, aceptar ninguna solicitud de exenci\u00f3n para una persona que juegue o haya jugado al f\u00fatbol en un club profesional o semiprofesional, o en cualquier otro club remunerado. Para que sean v\u00e1lidas, las solicitudes de exenci\u00f3n deben enviarse a Vincent Pinatel, abogado y cofundador de Mundiavocat, a m\u00e1s tardar 30 d\u00edas antes del inicio del torneo. Todas las condiciones de exenci\u00f3n mencionadas anteriormente son esenciales pero no suficientes para garantizar la exenci\u00f3n. La decisi\u00f3n final corresponde al Comit\u00e9 del Torneo, compuesto por el Sr. Pinatel y el Sr. Pagnier (Director del Torneo).<\/p>\n\n\n\n<h2 class=\"wp-block-heading\">3 - Composici\u00f3n de los equipos<\/h2>\n\n\n\n<h3 class=\"wp-block-heading\"><strong>Cl\u00e1sico<\/strong><\/h3>\n\n\n\n<ul class=\"wp-block-list\">\n<li>\u2022 Abogados, notarios o magistrados sin l\u00edmite de edad y casos antes mencionados.<\/li>\n<\/ul>\n\n\n\n<h3 class=\"wp-block-heading\"><strong>Maestro<\/strong><\/h3>\n\n\n\n<ul class=\"wp-block-list\">\n<li>\u2022 Abogados y profesionales del Derecho mayores de 35 a\u00f1os (nacidos antes del 31\/12\/1990) y casos mencionados anteriormente<\/li>\n\n\n\n<li>\u2022 5 abogados y profesionales del derecho optativos mayores de 30 a\u00f1os (nacidos antes del 31\/12\/1995)<\/li>\n<\/ul>\n\n\n\n<h3 class=\"wp-block-heading\"><strong>Leyenda<\/strong><\/h3>\n\n\n\n<ul class=\"wp-block-list\">\n<li>\u2022 Abogados y profesionales del Derecho mayores de 45 a\u00f1os (nacidos antes del 31\/12\/1980) y casos mencionados anteriormente<\/li>\n\n\n\n<li>\u2022 5 abogados y profesionales del derecho optativos mayores de 40 a\u00f1os (nacidos antes del 31\/12\/1985)<\/li>\n<\/ul>\n\n\n\n<h3 class=\"wp-block-heading\"><strong>S\u00faper Leyenda<\/strong><\/h3>\n\n\n\n<ul class=\"wp-block-list\">\n<li>\u2022 Abogados y profesionales del Derecho mayores de 55 a\u00f1os (nacidos antes del 31\/12\/1970) y casos mencionados anteriormente<\/li>\n\n\n\n<li>\u2022 5 abogados y profesionales del derecho opcionales mayores de 50 a\u00f1os (nacidos antes del 31\/12\/1975)<\/li>\n<\/ul>\n\n\n\n<h3 class=\"wp-block-heading\"><strong>Five Women &amp; Men<\/strong> y hombres<\/h3>\n\n\n\n<ul class=\"wp-block-list\">\n<li>\u2022 Abogados y profesionales del derecho sin l\u00edmite de edad y casos mencionados anteriormente<\/li>\n<\/ul>\n\n\n\n<div style=\"height:100px\" aria-hidden=\"true\" class=\"wp-block-spacer\"><\/div>\n<\/div>\n<\/div><\/section>","protected":false},"excerpt":{"rendered":"<p>Published 20 december 2024.The organisation reserves the right to amend the terms and conditions of these rules. Please check our website www.mundiavocat.com regularly for the latest terms and conditions. 1 &#8211; Team registration 1.1. The tournament is open exclusively to teams of lawyers from law firms, groups of law firm and legal professionals (notaries, magistrates, [&hellip;]<\/p>\n","protected":false},"author":1,"featured_media":0,"parent":0,"menu_order":0,"comment_status":"closed","ping_status":"closed","template":"","meta":{"_uag_custom_page_level_css":"","site-sidebar-layout":"default","site-content-layout":"","ast-site-content-layout":"default","site-content-style":"default","site-sidebar-style":"default","ast-global-header-display":"","ast-banner-title-visibility":"","ast-main-header-display":"","ast-hfb-above-header-display":"","ast-hfb-below-header-display":"","ast-hfb-mobile-header-display":"","site-post-title":"disabled","ast-breadcrumbs-content":"","ast-featured-img":"","footer-sml-layout":"","ast-disable-related-posts":"","theme-transparent-header-meta":"","adv-header-id-meta":"","stick-header-meta":"","header-above-stick-meta":"","header-main-stick-meta":"","header-below-stick-meta":"","astra-migrate-meta-layouts":"set","ast-page-background-enabled":"default","ast-page-background-meta":{"desktop":{"background-color":"var(--ast-global-color-4)","background-image":"","background-repeat":"repeat","background-position":"center center","background-size":"auto","background-attachment":"scroll","background-type":"","background-media":"","overlay-type":"","overlay-color":"","overlay-opacity":"","overlay-gradient":""},"tablet":{"background-color":"","background-image":"","background-repeat":"repeat","background-position":"center center","background-size":"auto","background-attachment":"scroll","background-type":"","background-media":"","overlay-type":"","overlay-color":"","overlay-opacity":"","overlay-gradient":""},"mobile":{"background-color":"","background-image":"","background-repeat":"repeat","background-position":"center center","background-size":"auto","background-attachment":"scroll","background-type":"","background-media":"","overlay-type":"","overlay-color":"","overlay-opacity":"","overlay-gradient":""}},"ast-content-background-meta":{"desktop":{"background-color":"var(--ast-global-color-5)","background-image":"","background-repeat":"repeat","background-position":"center center","background-size":"auto","background-attachment":"scroll","background-type":"","background-media":"","overlay-type":"","overlay-color":"","overlay-opacity":"","overlay-gradient":""},"tablet":{"background-color":"var(--ast-global-color-5)","background-image":"","background-repeat":"repeat","background-position":"center center","background-size":"auto","background-attachment":"scroll","background-type":"","background-media":"","overlay-type":"","overlay-color":"","overlay-opacity":"","overlay-gradient":""},"mobile":{"background-color":"var(--ast-global-color-5)","background-image":"","background-repeat":"repeat","background-position":"center center","background-size":"auto","background-attachment":"scroll","background-type":"","background-media":"","overlay-type":"","overlay-color":"","overlay-opacity":"","overlay-gradient":""}},"footnotes":""},"class_list":["post-2017","page","type-page","status-publish","hentry"],"uagb_featured_image_src":{"full":false,"thumbnail":false,"medium":false,"medium_large":false,"large":false,"1536x1536":false,"2048x2048":false,"trp-custom-language-flag":false},"uagb_author_info":{"display_name":"admin","author_link":"https:\/\/thenations-cup.com\/es\/author\/dfuzionadmin\/"},"uagb_comment_info":0,"uagb_excerpt":"Published 20 december 2024.The organisation reserves the right to amend the terms and conditions of these rules. Please check our website www.mundiavocat.com regularly for the latest terms and conditions. 1 &#8211; Team registration 1.1. The tournament is open exclusively to teams of lawyers from law firms, groups of law firm and legal professionals (notaries, magistrates,&hellip;","_links":{"self":[{"href":"https:\/\/thenations-cup.com\/es\/wp-json\/wp\/v2\/pages\/2017","targetHints":{"allow":["GET"]}}],"collection":[{"href":"https:\/\/thenations-cup.com\/es\/wp-json\/wp\/v2\/pages"}],"about":[{"href":"https:\/\/thenations-cup.com\/es\/wp-json\/wp\/v2\/types\/page"}],"author":[{"embeddable":true,"href":"https:\/\/thenations-cup.com\/es\/wp-json\/wp\/v2\/users\/1"}],"replies":[{"embeddable":true,"href":"https:\/\/thenations-cup.com\/es\/wp-json\/wp\/v2\/comments?post=2017"}],"version-history":[{"count":13,"href":"https:\/\/thenations-cup.com\/es\/wp-json\/wp\/v2\/pages\/2017\/revisions"}],"predecessor-version":[{"id":2817,"href":"https:\/\/thenations-cup.com\/es\/wp-json\/wp\/v2\/pages\/2017\/revisions\/2817"}],"wp:attachment":[{"href":"https:\/\/thenations-cup.com\/es\/wp-json\/wp\/v2\/media?parent=2017"}],"curies":[{"name":"Gracias","href":"https:\/\/api.w.org\/{rel}","templated":true}]}}