{"id":1698,"date":"2022-07-12T06:42:15","date_gmt":"2022-07-12T05:42:15","guid":{"rendered":"https:\/\/thenations-cup.com\/?page_id=1698"},"modified":"2023-06-06T16:15:51","modified_gmt":"2023-06-06T15:15:51","slug":"privacy-policy","status":"publish","type":"page","link":"https:\/\/thenations-cup.com\/es\/politica-de-privacidad\/","title":{"rendered":"Pol\u00edtica de privacidad"},"content":{"rendered":"<div class=\"wp-block-cover alignfull has-custom-content-position is-position-bottom-left\" style=\"min-height:500px;aspect-ratio:unset;\"><span aria-hidden=\"true\" class=\"wp-block-cover__background has-background-dim-0 has-background-dim\"><\/span><img loading=\"lazy\" decoding=\"async\" width=\"1800\" height=\"1018\" class=\"wp-block-cover__image-background wp-image-1287\" alt=\"\" src=\"https:\/\/thenations-cup.com\/wp-content\/uploads\/2022\/07\/header-sttropez.jpg\" style=\"object-position:51% 72%\" data-object-fit=\"cover\" data-object-position=\"51% 72%\" srcset=\"https:\/\/thenations-cup.com\/wp-content\/uploads\/2022\/07\/header-sttropez.jpg 1800w, https:\/\/thenations-cup.com\/wp-content\/uploads\/2022\/07\/header-sttropez-300x170.jpg 300w, https:\/\/thenations-cup.com\/wp-content\/uploads\/2022\/07\/header-sttropez-1024x579.jpg 1024w, https:\/\/thenations-cup.com\/wp-content\/uploads\/2022\/07\/header-sttropez-768x434.jpg 768w, https:\/\/thenations-cup.com\/wp-content\/uploads\/2022\/07\/header-sttropez-1536x869.jpg 1536w, https:\/\/thenations-cup.com\/wp-content\/uploads\/2022\/07\/header-sttropez-18x10.jpg 18w\" sizes=\"auto, (max-width: 1800px) 100vw, 1800px\" \/><div class=\"wp-block-cover__inner-container is-layout-flow wp-block-cover-is-layout-flow\">\n<h1 class=\"wp-block-heading animated slideInUp delay-200ms has-white-color has-text-color\" style=\"margin-top:0px\">Pol\u00edtica de privacidad<\/h1>\n<\/div><\/div>\n\n\n\n<section class=\"wp-block-uagb-columns uagb-columns__wrap uagb-columns__stack-mobile uagb-columns__valign- uagb-columns__gap-10 align uagb-block-56e0dbd5 uagb-columns__columns-1 uagb-columns__max_width-custom\"><div class=\"uagb-columns__overlay\"><\/div><div class=\"uagb-columns__inner-wrap uagb-columns__columns-1\">\n<div class=\"wp-block-uagb-column uagb-column__wrap uagb-column__background-undefined uagb-block-886ae9af\"><div class=\"uagb-column__overlay\"><\/div>\n<p><em>\u00daltima actualizaci\u00f3n: 12 de julio de 2022<\/em><\/p>\n\n\n\n<p>La Copa de Naciones tiene como objetivo ser un ciudadano corporativo ejemplar y contribuir a la protecci\u00f3n de sus datos personales. Damos gran valor a la honestidad y la claridad y estamos comprometidos a construir relaciones s\u00f3lidas y duraderas con nuestros clientes, basadas en la confianza y el inter\u00e9s mutuo. De acuerdo con esta filosof\u00eda, la protecci\u00f3n de sus datos personales es fundamental para nosotros y deseamos informarle a trav\u00e9s de esta pol\u00edtica de protecci\u00f3n de datos personales de la forma en que recopilamos y tratamos estos datos. Esta pol\u00edtica de confidencialidad define y te informa la forma en que The Nations Cup usa y protege la informaci\u00f3n que nos transmites, en su caso, cuando utilizas este sitio accesible desde la siguiente URL: medigames.com (en adelante, el \u201cSitio\u201d) . Tenga en cuenta que esta pol\u00edtica de privacidad puede ser modificada o complementada en cualquier momento por The Nations Cup, en particular con el fin de cumplir con cualquier desarrollo legislativo, reglamentario, jurisprudencial o tecnol\u00f3gico. En tal caso, la fecha de su actualizaci\u00f3n estar\u00e1 claramente identificada en la parte superior de esta pol\u00edtica. Estas modificaciones son vinculantes para el Usuario desde el momento en que se ponen en l\u00ednea. Por tanto, el Usuario debe consultar peri\u00f3dicamente esta pol\u00edtica de confidencialidad y uso de cookies para estar al tanto de cualquier cambio.<\/p>\n\n\n\n<h2 class=\"wp-block-heading\" id=\"1-personal-data\">1. Datos personales<\/h2>\n\n\n\n<p>En general, puede visitar el Sitio sin revelar ninguna informaci\u00f3n personal sobre usted. En cualquier caso, no est\u00e1 obligado a transmitir esta informaci\u00f3n a The Nations Cup. No obstante, en caso de negativa, es posible que no pueda beneficiarse de determinada informaci\u00f3n o servicios que haya solicitado. Como tal, The Nations Cup puede estar obligada en ciertos casos a pedirle que proporcione informaci\u00f3n (en adelante, su &quot;Informaci\u00f3n personal&quot;): nombre y apellido; direcci\u00f3n de correo electr\u00f3nico ; n\u00famero de tel\u00e9fono; Direcci\u00f3n ; cualquier solicitud especial que pueda dirigirnos (principalmente con fines de archivo); Al proporcionar esta informaci\u00f3n, usted acepta expresamente que la misma ser\u00e1 tratada por The Nations Cup, para los fines indicados en el punto 2 a continuaci\u00f3n, as\u00ed como para los fines que se indican al final de cada formulario. De conformidad con el Reglamento General de Protecci\u00f3n de Datos adoptado por el Parlamento Europeo el 14 de abril de 2016, y la Ley de Protecci\u00f3n de Datos del 6 de enero de 1978 modificada, The Nations Cup le informa de los siguientes extremos:<\/p>\n\n\n\n<h3 class=\"wp-block-heading\" id=\"1-1-identity-of-the-controller\">1.1. Identidad del controlador<\/h3>\n\n\n\n<p>El controlador de datos es The Nations Cup \u2013 CORPORATE SPORT ORGANISATION, con domicilio social en 15\/29 rue Guillemot 75014 Bordeaux. Correo electr\u00f3nico: info@thenations-cup.com.<\/p>\n\n\n\n<h3 class=\"wp-block-heading\" id=\"1-2-purposes-of-processing\">1.2. Finalidades del tratamiento<\/h3>\n\n\n\n<p>La Copa de Naciones puede procesar su informaci\u00f3n personal: (a) con el fin de proporcionarle la informaci\u00f3n o los servicios que ha solicitado recibir (enviar nuestros boletines despu\u00e9s de su registro); y\/o (b) con el fin de recopilar informaci\u00f3n que nos permita mejorar nuestro Sitio, nuestros productos y servicios (en particular por medio de cookies).<\/p>\n\n\n\n<h3 class=\"wp-block-heading\" id=\"1-3-recipients\">1.3. Destinatarios<\/h3>\n\n\n\n<p>Solo The Nations Cup es el destinatario de su informaci\u00f3n personal. Estos, ya sea de forma individual o agregada, nunca se transmiten a un tercero, sin perjuicio de los proveedores de servicios utilizados por The Nations Cup (encontrar\u00e1 m\u00e1s informaci\u00f3n sobre ellos en el punto 7 a continuaci\u00f3n). Ni The Nations Cup, ni ninguno de sus proveedores de servicios, vende los datos personales de los visitantes y Usuarios de su Sitio.<\/p>\n\n\n\n<h3 class=\"wp-block-heading\" id=\"1-4-the-duration-of-the-conversation\">1.4. La duraci\u00f3n de la conversaci\u00f3n.<\/h3>\n\n\n\n<p>The Nations Cup conserva su informaci\u00f3n personal solo durante el tiempo correspondiente al prop\u00f3sito de la recopilaci\u00f3n, tal como se indica en el punto 2 anterior, que en ning\u00fan caso puede exceder los 24 meses.<\/p>\n\n\n\n<h3 class=\"wp-block-heading\" id=\"1-5-computer-rights-and-freedoms\">1.5. Derechos y libertades inform\u00e1ticas<\/h3>\n\n\n\n<p>Tiene los siguientes derechos con respecto a su informaci\u00f3n personal, que puede ejercer escribi\u00e9ndonos a la direcci\u00f3n de correo electr\u00f3nico (info@thenations-cup.com), a la direcci\u00f3n postal (ver punto 1) o utilizando el formulario de contacto en el Sitio en la siguiente URL: https:\/\/thenations-cup.com\/contact\/<\/p>\n\n\n\n<h4 class=\"wp-block-heading\" id=\"right-of-access-and-communication-of-data\"><strong>Derecho de acceso y comunicaci\u00f3n de datos<\/strong><\/h4>\n\n\n\n<p>Tiene la opci\u00f3n de acceder a la informaci\u00f3n personal que le concierne. No obstante, debido a la obligaci\u00f3n de seguridad y confidencialidad en el tratamiento de los datos personales que incumbe a The Nations Cup, se le informa que su solicitud ser\u00e1 atendida siempre que acredite su identidad. , en particular, mediante la presentaci\u00f3n de un escaneo de su documento de identidad v\u00e1lido (en caso de una solicitud a trav\u00e9s de nuestro formulario electr\u00f3nico espec\u00edfico) o una fotocopia firmada de su documento de identidad v\u00e1lido (en caso de una solicitud por escrito). La Nations Cup le informa que tendr\u00e1 derecho, en caso necesario, a oponerse a solicitudes claramente abusivas (por su n\u00famero, su car\u00e1cter repetitivo o sistem\u00e1tico). Para ayudarle en su proceso, en particular si desea ejercer su derecho de acceso mediante una solicitud por escrito a la direcci\u00f3n postal mencionada en el punto 1, encontrar\u00e1 haciendo clic en el siguiente enlace un modelo de carta desarrollado por la Comisi\u00f3n Nacional de Inform\u00e1tica y Libertades (la \u201cCNIL\u201d). <a role=\"link\" href=\"https:\/\/www.cnil.fr\/fr\/modele\/courrier\/exercer-son-droit-dacces\" target=\"_blank\" rel=\"noreferrer noopener nofollow\">https:\/\/www.cnil.fr\/fr\/modele\/courrier\/exercer-son-droit-dacces<\/a><\/p>\n\n\n\n<h4 class=\"wp-block-heading\" id=\"right-to-rectify-data\"><strong>Derecho de rectificaci\u00f3n de datos<\/strong><\/h4>\n\n\n\n<p>En virtud de este derecho, la legislaci\u00f3n le faculta para solicitar la rectificaci\u00f3n, actualizaci\u00f3n, bloqueo o incluso supresi\u00f3n de los datos que le conciernan y que resulten ser inexactos, err\u00f3neos, incompletos u obsoletos. Adem\u00e1s, puede definir directivas generales y espec\u00edficas relacionadas con el destino de los datos personales despu\u00e9s de su muerte. En su caso, los herederos de una persona fallecida podr\u00e1n exigir que se tenga en cuenta el fallecimiento de su familiar y\/o se realicen las actualizaciones necesarias. Para ayudarle en su proceso, en particular si desea ejercer, por cuenta propia o en nombre de uno de sus familiares fallecidos, su derecho de rectificaci\u00f3n mediante una solicitud por escrito a la direcci\u00f3n postal mencionada en el punto 1, Ud. Encuentre haciendo clic en el siguiente enlace un modelo de carta desarrollado por la CNIL. <a role=\"link\" href=\"https:\/\/www.cnil.fr\/fr\/modele\/courrier\/rectifier-des-donnees-inexactes-obsoletes-ou-perimees\" target=\"_blank\" rel=\"noreferrer noopener nofollow\">https:\/\/www.cnil.fr\/fr\/modele\/courrier\/rectifier-des-donnees-inexactes-obsoletes-ou-perimees<\/a><\/p>\n\n\n\n<h4 class=\"wp-block-heading\" id=\"right-of-opposition\"><strong>Derecho de oposici\u00f3n<\/strong><\/h4>\n\n\n\n<p>El ejercicio de este derecho s\u00f3lo es posible en una de las dos situaciones siguientes: Cuando el ejercicio de este derecho se base en motivos leg\u00edtimos; o Cuando el ejercicio de este derecho tenga por objeto impedir que los datos recabados sean utilizados con fines de prospecci\u00f3n comercial. Para ayudarle en su proceso, en particular si desea ejercer su derecho de oposici\u00f3n mediante una solicitud por escrito dirigida a la direcci\u00f3n postal indicada en el punto 1, haciendo clic en el siguiente enlace encontrar\u00e1 un modelo de carta desarrollado por la CNIL . <a role=\"link\" href=\"https:\/\/www.cnil.fr\/fr\/modele\/courrier\/supprimer-des-informations-vous-concernant-dun-site-internet\" target=\"_blank\" rel=\"noreferrer noopener nofollow\">https:\/\/www.cnil.fr\/fr\/modele\/courrier\/supprimer-des-informations-vous-concernant-dun-site-internet<\/a> Sin embargo, le proporcionamos herramientas para administrar sus datos directamente en nuestro sitio. Los encontrar\u00e1s en la parte inferior de la p\u00e1gina. P\u00f3ngase en contacto con nosotros si tiene alg\u00fan problema con su uso.<\/p>\n\n\n\n<h3 class=\"wp-block-heading\" id=\"1-6-reply-duration\">1.6. Duraci\u00f3n de la respuesta<\/h3>\n\n\n\n<p>The Nations Cup se compromete a dar respuesta a su solicitud de acceso, rectificaci\u00f3n u oposici\u00f3n o cualquier otra solicitud de informaci\u00f3n adicional en un plazo razonable que no podr\u00e1 exceder de 1 mes desde la recepci\u00f3n de su solicitud.<\/p>\n\n\n\n<h3 class=\"wp-block-heading\" id=\"1-7-authorized-service-providers-and-transfer-to-a-third-country-of-the-european-union\">1.7. Prestadores de servicios autorizados y traslado a un tercer pa\u00eds de la Uni\u00f3n Europea<\/h3>\n\n\n\n<p>The Nations Cup te informa que utiliza sus proveedores de servicios autorizados para facilitar la recogida y tratamiento de los datos que nos has comunicado. Estos proveedores de servicios pueden estar ubicados fuera de la Uni\u00f3n Europea y comunicar los datos recopilados a trav\u00e9s de los distintos formularios del Sitio (a excepci\u00f3n del formulario que le permite ejercer sus derechos de TI y Libertades que ofrece y utiliza The Nations Cup).<\/p>\n\n\n\n<h3 class=\"wp-block-heading\" id=\"1-8-complaint-to-the-competent-authority\">1.8. Denuncia ante la autoridad competente<\/h3>\n\n\n\n<p>Si considera que The Nations Cup no respeta sus obligaciones con respecto a su Informaci\u00f3n Personal, puede dirigir una queja o una solicitud a la autoridad competente. En Francia, la autoridad competente es la CNIL a la que puede enviar una solicitud electr\u00f3nicamente haciendo clic en el siguiente enlace: https:\/\/www.cnil.fr\/fr\/plaintes\/internet.<\/p>\n<\/div>\n<\/div><\/section>","protected":false},"excerpt":{"rendered":"<p>Last updated: july 12th, 2022 The Nations Cup aims to be an exemplary corporate citizen and to contribute to the protection of your personal data. We place great value on honesty and clarity and are committed to building strong and lasting relationships with our clients, based on trust and mutual interest. In accordance with this [&hellip;]<\/p>\n","protected":false},"author":1,"featured_media":0,"parent":0,"menu_order":50,"comment_status":"closed","ping_status":"closed","template":"","meta":{"_uag_custom_page_level_css":"","site-sidebar-layout":"default","site-content-layout":"","ast-site-content-layout":"default","site-content-style":"default","site-sidebar-style":"default","ast-global-header-display":"","ast-banner-title-visibility":"","ast-main-header-display":"","ast-hfb-above-header-display":"","ast-hfb-below-header-display":"","ast-hfb-mobile-header-display":"","site-post-title":"disabled","ast-breadcrumbs-content":"","ast-featured-img":"","footer-sml-layout":"","ast-disable-related-posts":"","theme-transparent-header-meta":"","adv-header-id-meta":"","stick-header-meta":"","header-above-stick-meta":"","header-main-stick-meta":"","header-below-stick-meta":"","astra-migrate-meta-layouts":"default","ast-page-background-enabled":"default","ast-page-background-meta":{"desktop":{"background-color":"var(--ast-global-color-4)","background-image":"","background-repeat":"repeat","background-position":"center center","background-size":"auto","background-attachment":"scroll","background-type":"","background-media":"","overlay-type":"","overlay-color":"","overlay-opacity":"","overlay-gradient":""},"tablet":{"background-color":"","background-image":"","background-repeat":"repeat","background-position":"center center","background-size":"auto","background-attachment":"scroll","background-type":"","background-media":"","overlay-type":"","overlay-color":"","overlay-opacity":"","overlay-gradient":""},"mobile":{"background-color":"","background-image":"","background-repeat":"repeat","background-position":"center center","background-size":"auto","background-attachment":"scroll","background-type":"","background-media":"","overlay-type":"","overlay-color":"","overlay-opacity":"","overlay-gradient":""}},"ast-content-background-meta":{"desktop":{"background-color":"var(--ast-global-color-5)","background-image":"","background-repeat":"repeat","background-position":"center center","background-size":"auto","background-attachment":"scroll","background-type":"","background-media":"","overlay-type":"","overlay-color":"","overlay-opacity":"","overlay-gradient":""},"tablet":{"background-color":"var(--ast-global-color-5)","background-image":"","background-repeat":"repeat","background-position":"center center","background-size":"auto","background-attachment":"scroll","background-type":"","background-media":"","overlay-type":"","overlay-color":"","overlay-opacity":"","overlay-gradient":""},"mobile":{"background-color":"var(--ast-global-color-5)","background-image":"","background-repeat":"repeat","background-position":"center center","background-size":"auto","background-attachment":"scroll","background-type":"","background-media":"","overlay-type":"","overlay-color":"","overlay-opacity":"","overlay-gradient":""}},"footnotes":""},"class_list":["post-1698","page","type-page","status-publish","hentry"],"uagb_featured_image_src":{"full":false,"thumbnail":false,"medium":false,"medium_large":false,"large":false,"1536x1536":false,"2048x2048":false,"trp-custom-language-flag":false},"uagb_author_info":{"display_name":"admin","author_link":"https:\/\/thenations-cup.com\/es\/author\/dfuzionadmin\/"},"uagb_comment_info":0,"uagb_excerpt":"Last updated: july 12th, 2022 The Nations Cup aims to be an exemplary corporate citizen and to contribute to the protection of your personal data. We place great value on honesty and clarity and are committed to building strong and lasting relationships with our clients, based on trust and mutual interest. In accordance with this&hellip;","_links":{"self":[{"href":"https:\/\/thenations-cup.com\/es\/wp-json\/wp\/v2\/pages\/1698","targetHints":{"allow":["GET"]}}],"collection":[{"href":"https:\/\/thenations-cup.com\/es\/wp-json\/wp\/v2\/pages"}],"about":[{"href":"https:\/\/thenations-cup.com\/es\/wp-json\/wp\/v2\/types\/page"}],"author":[{"embeddable":true,"href":"https:\/\/thenations-cup.com\/es\/wp-json\/wp\/v2\/users\/1"}],"replies":[{"embeddable":true,"href":"https:\/\/thenations-cup.com\/es\/wp-json\/wp\/v2\/comments?post=1698"}],"version-history":[{"count":8,"href":"https:\/\/thenations-cup.com\/es\/wp-json\/wp\/v2\/pages\/1698\/revisions"}],"predecessor-version":[{"id":2671,"href":"https:\/\/thenations-cup.com\/es\/wp-json\/wp\/v2\/pages\/1698\/revisions\/2671"}],"wp:attachment":[{"href":"https:\/\/thenations-cup.com\/es\/wp-json\/wp\/v2\/media?parent=1698"}],"curies":[{"name":"Gracias","href":"https:\/\/api.w.org\/{rel}","templated":true}]}}