{"id":1020,"date":"2021-04-14T04:53:48","date_gmt":"2021-04-14T04:53:48","guid":{"rendered":"https:\/\/thenations-cup.com\/?page_id=1020"},"modified":"2025-01-06T16:51:52","modified_gmt":"2025-01-06T15:51:52","slug":"contact","status":"publish","type":"page","link":"https:\/\/thenations-cup.com\/es\/contacto\/","title":{"rendered":"Contacto"},"content":{"rendered":"<div class=\"wp-block-cover alignfull\" style=\"min-height:260px;aspect-ratio:unset;\"><span aria-hidden=\"true\" class=\"wp-block-cover__background has-black-background-color has-background-dim-20 has-background-dim\"><\/span><img loading=\"lazy\" decoding=\"async\" width=\"2200\" height=\"674\" class=\"wp-block-cover__image-background wp-image-2750\" alt=\"\" src=\"https:\/\/thenations-cup.com\/wp-content\/uploads\/2025\/01\/BannVierge.png\" data-object-fit=\"cover\" srcset=\"https:\/\/thenations-cup.com\/wp-content\/uploads\/2025\/01\/BannVierge.png 2200w, https:\/\/thenations-cup.com\/wp-content\/uploads\/2025\/01\/BannVierge-300x92.png 300w, https:\/\/thenations-cup.com\/wp-content\/uploads\/2025\/01\/BannVierge-1024x314.png 1024w, https:\/\/thenations-cup.com\/wp-content\/uploads\/2025\/01\/BannVierge-768x235.png 768w, https:\/\/thenations-cup.com\/wp-content\/uploads\/2025\/01\/BannVierge-1536x471.png 1536w, https:\/\/thenations-cup.com\/wp-content\/uploads\/2025\/01\/BannVierge-2048x627.png 2048w, https:\/\/thenations-cup.com\/wp-content\/uploads\/2025\/01\/BannVierge-18x6.png 18w\" sizes=\"auto, (max-width: 2200px) 100vw, 2200px\" \/><div class=\"wp-block-cover__inner-container is-layout-flow wp-block-cover-is-layout-flow\">\n<h1 class=\"wp-block-heading animated slideInLeft has-white-color has-text-color\" style=\"margin-bottom:0px;font-size:34px\"><\/h1>\n\n\n\n<h1 class=\"wp-block-heading animated slideInUp delay-200ms has-white-color has-text-color\" style=\"margin-top:0px\">CONTACTO<\/h1>\n<\/div><\/div>\n\n\n\n<div style=\"height:40px\" aria-hidden=\"true\" class=\"wp-block-spacer\"><\/div>\n\n\n\n<section class=\"wp-block-uagb-columns uagb-columns__wrap uagb-columns__background-none uagb-columns__stack-mobile uagb-columns__valign- uagb-columns__gap-30 align uagb-block-ae705ee5 uagb-columns__columns-3 uagb-columns__max_width-theme\"><div class=\"uagb-columns__overlay\"><\/div><div class=\"uagb-columns__inner-wrap uagb-columns__columns-3\">\n<div class=\"wp-block-uagb-column uagb-column__wrap uagb-column__background-undefined uagb-block-a0fe78ff\"><div class=\"uagb-column__overlay\"><\/div>\n<h2 class=\"wp-block-heading animated fadeIn delay-100ms\">Ponerse en contacto<\/h2>\n\n\n\n<hr class=\"wp-block-separator has-text-color has-ast-global-color-2-color has-alpha-channel-opacity has-ast-global-color-2-background-color has-background\"\/>\n\n\n\n<section class=\"wp-block-uagb-columns uagb-columns__wrap uagb-columns__background-color uagb-columns__stack-mobile uagb-columns__valign-center uagb-columns__gap-10 align uagb-block-2a100413 uagb-columns__columns-2 uagb-columns__max_width-theme animated slideInUp\"><div class=\"uagb-columns__overlay\"><\/div><div class=\"uagb-columns__inner-wrap uagb-columns__columns-2\">\n<div class=\"wp-block-uagb-column uagb-column__wrap uagb-column__background-undefined uagb-block-23357f86\"><div class=\"uagb-column__overlay\"><\/div>\n<h5 class=\"wp-block-heading has-ast-global-color-7-color has-text-color\"><strong>Corporate Sport Organisation<\/strong><\/h5>\n\n\n\n<p>18 calle Negresko<br>13 008 Marsella<br> FRANCIA<br>+33 (0)1 77 70 65 15<br><a href=\"mailto:info@mundiavocat.com\">info@mundiavocat.com<\/a><\/p>\n<\/div>\n\n\n\n<div class=\"wp-block-uagb-column uagb-column__wrap uagb-column__background-undefined uagb-block-2a5ef54c\"><div class=\"uagb-column__overlay\"><\/div>\n<figure class=\"wp-block-image size-large is-resized\"><img decoding=\"async\" src=\"https:\/\/thenations-cup.com\/wp-content\/uploads\/2022\/07\/CSO-Paris.svg\" alt=\"\" class=\"wp-image-1215\" style=\"width:137px;height:123px\"\/><\/figure>\n<\/div>\n<\/div><\/section>\n\n\n\n<div style=\"height:20px\" aria-hidden=\"true\" class=\"wp-block-spacer\"><\/div>\n<\/div>\n\n\n\n<div class=\"wp-block-uagb-column uagb-column__wrap uagb-column__background-undefined uagb-block-4cb2cd93\"><div class=\"uagb-column__overlay\"><\/div><\/div>\n\n\n\n<div class=\"wp-block-uagb-column uagb-column__wrap uagb-column__background-undefined uagb-block-532a51e4\"><div class=\"uagb-column__overlay\"><\/div>\n<h2 class=\"wp-block-heading animated fadeIn delay-200ms\">Pre-registro<\/h2>\n\n\n\n<hr class=\"wp-block-separator has-text-color has-ast-global-color-2-color has-alpha-channel-opacity has-ast-global-color-2-background-color has-background\"\/>\n\n\n\n<div class=\"wp-block-contact-form-7-contact-form-selector\">\n<div class=\"wpcf7 no-js\" id=\"wpcf7-f1508-o1\" lang=\"fr-FR\" dir=\"ltr\" data-wpcf7-id=\"1508\">\n<div class=\"screen-reader-response\"><p role=\"status\" aria-live=\"polite\" aria-atomic=\"true\"><\/p> <ul><\/ul><\/div>\n<form action=\"\/es\/wp-json\/wp\/v2\/pages\/1020#wpcf7-f1508-o1\" method=\"post\" class=\"wpcf7-form init\" aria-label=\"Formulario de contacto\" novalidate=\"novalidate\" data-status=\"init\" data-trp-original-action=\"\/es\/wp-json\/wp\/v2\/pages\/1020#wpcf7-f1508-o1\">\n<fieldset class=\"hidden-fields-container\"><input type=\"hidden\" name=\"_wpcf7\" value=\"1508\" \/><input type=\"hidden\" name=\"_wpcf7_version\" value=\"6.1.5\" \/><input type=\"hidden\" name=\"_wpcf7_locale\" value=\"fr_FR\" \/><input type=\"hidden\" name=\"_wpcf7_unit_tag\" value=\"wpcf7-f1508-o1\" \/><input type=\"hidden\" name=\"_wpcf7_container_post\" value=\"0\" \/><input type=\"hidden\" name=\"_wpcf7_posted_data_hash\" value=\"\" \/>\n<\/fieldset>\n<p>Si te interesa participar en el torneo Nations Cup, completa el formulario a continuaci\u00f3n. Nos pondremos en contacto contigo a cambio de tu inscripci\u00f3n:\n<\/p>\n<div class=\"row\">\n\t<div class=\"col-12 col-md-6\">\n\t\t<p><label><span class=\"wpcf7-form-control-wrap\" data-name=\"team\"><input size=\"40\" maxlength=\"400\" class=\"wpcf7-form-control wpcf7-text wpcf7-validates-as-required\" aria-required=\"true\" aria-invalid=\"false\" placeholder=\"Nombre del equipo*\" value=\"\" type=\"text\" name=\"team\" \/><\/span> <\/label>\n\t\t<\/p>\n\t<\/div>\n\t<div class=\"col-12 col-md-6\">\n\t\t<p><label><span class=\"wpcf7-form-control-wrap\" data-name=\"country\"><input size=\"40\" maxlength=\"400\" class=\"wpcf7-form-control wpcf7-text wpcf7-validates-as-required\" aria-required=\"true\" aria-invalid=\"false\" placeholder=\"Tu pa\u00eds*\" value=\"\" type=\"text\" name=\"country\" \/><\/span> <\/label>\n\t\t<\/p>\n\t<\/div>\n\t<div class=\"col-12 col-md-6\">\n\t\t<p><label><span class=\"wpcf7-form-control-wrap\" data-name=\"NOM\"><input size=\"40\" maxlength=\"400\" class=\"wpcf7-form-control wpcf7-text wpcf7-validates-as-required\" aria-required=\"true\" aria-invalid=\"false\" placeholder=\"Tu apellido*\" value=\"\" type=\"text\" name=\"NOM\" \/><\/span> <\/label>\n\t\t<\/p>\n\t<\/div>\n\t<div class=\"col-12 col-md-6\">\n\t\t<p><label><span class=\"wpcf7-form-control-wrap\" data-name=\"PRENOM\"><input size=\"40\" maxlength=\"400\" class=\"wpcf7-form-control wpcf7-text wpcf7-validates-as-required\" aria-required=\"true\" aria-invalid=\"false\" placeholder=\"Tu nombre*\" value=\"\" type=\"text\" name=\"PRENOM\" \/><\/span> <\/label>\n\t\t<\/p>\n\t<\/div>\n\t<div class=\"col-12 col-md-6\">\n\t\t<p><label><span class=\"wpcf7-form-control-wrap\" data-name=\"email\"><input size=\"40\" maxlength=\"400\" class=\"wpcf7-form-control wpcf7-email wpcf7-validates-as-required wpcf7-text wpcf7-validates-as-email\" aria-required=\"true\" aria-invalid=\"false\" placeholder=\"Su correo electr\u00f3nico*\" value=\"\" type=\"email\" name=\"email\" \/><\/span> <\/label>\n\t\t<\/p>\n\t<\/div>\n\t<div class=\"col-12 col-md-6\">\n\t\t<p><label><span class=\"wpcf7-form-control-wrap\" data-name=\"SMS\"><input size=\"40\" maxlength=\"400\" class=\"wpcf7-form-control wpcf7-text\" aria-invalid=\"false\" placeholder=\"Tu n\u00famero de tel\u00e9fono\" value=\"\" type=\"text\" name=\"SMS\" \/><\/span> <\/label>\n\t\t<\/p>\n\t<\/div>\n\t<div class=\"col-12\">\n\t\t<p><label><span class=\"wpcf7-form-control-wrap\" data-name=\"your-message\"><textarea cols=\"40\" rows=\"5\" maxlength=\"2000\" class=\"wpcf7-form-control wpcf7-textarea wpcf7-validates-as-required\" aria-required=\"true\" aria-invalid=\"false\" placeholder=\"Tu mensaje*\" name=\"your-message\"><\/textarea><\/span> <\/label>\n\t\t<\/p>\n\t<\/div>\n\t<div class=\"row\">\n\t\t<div class=\"col-12\">\n\t\t\t<p><small><span class=\"wpcf7-form-control-wrap\" data-name=\"your-consent\"><span class=\"wpcf7-form-control wpcf7-acceptance optional\"><span class=\"wpcf7-list-item\"><label><input type=\"checkbox\" name=\"your-consent\" value=\"1\" aria-invalid=\"false\" \/><span class=\"wpcf7-list-item-label\">Gracias por suscribirme a tu newsletter.<\/span><\/label><\/span><\/span><\/span><span class=\"wpcf7-form-control-wrap\" data-name=\"acceptance-896\"><span class=\"wpcf7-form-control wpcf7-acceptance\"><span class=\"wpcf7-list-item\"><label><input type=\"checkbox\" name=\"acceptance-896\" value=\"1\" aria-invalid=\"false\" \/><span class=\"wpcf7-list-item-label\">Acepto el Aviso de Privacidad y la Pol\u00edtica de Cookies de Nations Cup, y acepto compartir esta informaci\u00f3n \u00fanicamente para el uso de mi solicitud.<\/span><\/label><\/span><\/span><\/span><\/small>\n\t\t\t<\/p>\n\t\t<\/div>\n\t<\/div>\n\t<div class=\"row btnsubmit\">\n\t\t<div class=\"col-12\">\n\t\t\t<p><input class=\"wpcf7-form-control wpcf7-submit has-spinner\" type=\"submit\" value=\"Enviar\" \/>\n\t\t\t<\/p>\n\t\t<\/div>\n\t<\/div>\n<\/div>            <div class=\"honeycatch\"\n                data-context=\"contact-form-7\"\n                data-rest-url=\"https:\/\/thenations-cup.com\/es\/wp-json\/honeycatch\/v1\/challenge\"\n                data-loading-text=\"V\u00e9rification anti-robot en cours\u2026\"\n                data-solved-text=\"V\u00e9rification anti-robot valid\u00e9e.\"\n                data-error-text=\"La v\u00e9rification anti-robot a \u00e9chou\u00e9, merci de r\u00e9essayer.\"\n            >\n                <input type=\"hidden\" name=\"honeycatch_nonce\" value=\"\" data-honeycatch-nonce>\n                <input type=\"hidden\" name=\"honeycatch_solution\" value=\"\" data-honeycatch-solution>\n                <input type=\"hidden\" name=\"honeycatch_elapsed\" value=\"\" data-honeycatch-elapsed>\n                <p class=\"honeycatch__status\" aria-live=\"polite\">V\u00e9rification anti-robot en cours\u2026<\/p>\n                <div class=\"honeycatch__spinner\" aria-hidden=\"true\"><\/div>\n                <label class=\"honeycatch__honeypot-label\" for=\"hc_hp_placeholder\">\n                    Ne pas remplir ce champ                <\/label>\n                <input type=\"text\"\n                    id=\"hc_hp_placeholder\"\n                    name=\"\"\n                    value=\"\"\n                    autocomplete=\"off\"\n                    tabindex=\"-1\"\n                    class=\"honeycatch__honeypot\"\n                    data-honeypot=\"true\"\n                    aria-hidden=\"true\"\n                >\n                <noscript>\n                    <p class=\"honeycatch__noscript\">\n                        Merci d&#039;activer JavaScript pour soumettre ce formulaire.                    <\/p>\n                <\/noscript>\n            <\/div>\n        <div class=\"wpcf7-response-output\" aria-hidden=\"true\"><\/div>\n<input type=\"hidden\" name=\"trp-form-language\" value=\"es\"\/><\/form>\n<\/div>\n<\/div>\n<\/div>\n<\/div><\/section>","protected":false},"excerpt":{"rendered":"<p>P\u00f3ngase en contacto Corporate Sport Organisation 18 rue Negresko13 008 Marseille FRANCIA+33 (0)1 77 70 65 15info@mundiavocat.com Preinscripci\u00f3n<\/p>","protected":false},"author":1,"featured_media":0,"parent":0,"menu_order":0,"comment_status":"closed","ping_status":"closed","template":"","meta":{"_uag_custom_page_level_css":"","site-sidebar-layout":"no-sidebar","site-content-layout":"plain-container","ast-site-content-layout":"normal-width-container","site-content-style":"unboxed","site-sidebar-style":"unboxed","ast-global-header-display":"","ast-banner-title-visibility":"","ast-main-header-display":"","ast-hfb-above-header-display":"","ast-hfb-below-header-display":"","ast-hfb-mobile-header-display":"","site-post-title":"disabled","ast-breadcrumbs-content":"disabled","ast-featured-img":"disabled","footer-sml-layout":"","ast-disable-related-posts":"","theme-transparent-header-meta":"disabled","adv-header-id-meta":"","stick-header-meta":"","header-above-stick-meta":"","header-main-stick-meta":"","header-below-stick-meta":"","astra-migrate-meta-layouts":"set","ast-page-background-enabled":"default","ast-page-background-meta":{"desktop":{"background-color":"var(--ast-global-color-4)","background-image":"","background-repeat":"repeat","background-position":"center center","background-size":"auto","background-attachment":"scroll","background-type":"","background-media":"","overlay-type":"","overlay-color":"","overlay-opacity":"","overlay-gradient":""},"tablet":{"background-color":"","background-image":"","background-repeat":"repeat","background-position":"center center","background-size":"auto","background-attachment":"scroll","background-type":"","background-media":"","overlay-type":"","overlay-color":"","overlay-opacity":"","overlay-gradient":""},"mobile":{"background-color":"","background-image":"","background-repeat":"repeat","background-position":"center center","background-size":"auto","background-attachment":"scroll","background-type":"","background-media":"","overlay-type":"","overlay-color":"","overlay-opacity":"","overlay-gradient":""}},"ast-content-background-meta":{"desktop":{"background-color":"var(--ast-global-color-5)","background-image":"","background-repeat":"repeat","background-position":"center center","background-size":"auto","background-attachment":"scroll","background-type":"","background-media":"","overlay-type":"","overlay-color":"","overlay-opacity":"","overlay-gradient":""},"tablet":{"background-color":"var(--ast-global-color-5)","background-image":"","background-repeat":"repeat","background-position":"center center","background-size":"auto","background-attachment":"scroll","background-type":"","background-media":"","overlay-type":"","overlay-color":"","overlay-opacity":"","overlay-gradient":""},"mobile":{"background-color":"var(--ast-global-color-5)","background-image":"","background-repeat":"repeat","background-position":"center center","background-size":"auto","background-attachment":"scroll","background-type":"","background-media":"","overlay-type":"","overlay-color":"","overlay-opacity":"","overlay-gradient":""}},"footnotes":""},"class_list":["post-1020","page","type-page","status-publish","hentry"],"uagb_featured_image_src":{"full":false,"thumbnail":false,"medium":false,"medium_large":false,"large":false,"1536x1536":false,"2048x2048":false,"trp-custom-language-flag":false},"uagb_author_info":{"display_name":"admin","author_link":"https:\/\/thenations-cup.com\/es\/author\/dfuzionadmin\/"},"uagb_comment_info":0,"uagb_excerpt":"Get in touch Corporate Sport Organisation 18 rue Negresko13 008 Marseille FRANCE+33 (0)1 77 70 65 15info@mundiavocat.com Pre-registration","_links":{"self":[{"href":"https:\/\/thenations-cup.com\/es\/wp-json\/wp\/v2\/pages\/1020","targetHints":{"allow":["GET"]}}],"collection":[{"href":"https:\/\/thenations-cup.com\/es\/wp-json\/wp\/v2\/pages"}],"about":[{"href":"https:\/\/thenations-cup.com\/es\/wp-json\/wp\/v2\/types\/page"}],"author":[{"embeddable":true,"href":"https:\/\/thenations-cup.com\/es\/wp-json\/wp\/v2\/users\/1"}],"replies":[{"embeddable":true,"href":"https:\/\/thenations-cup.com\/es\/wp-json\/wp\/v2\/comments?post=1020"}],"version-history":[{"count":23,"href":"https:\/\/thenations-cup.com\/es\/wp-json\/wp\/v2\/pages\/1020\/revisions"}],"predecessor-version":[{"id":2755,"href":"https:\/\/thenations-cup.com\/es\/wp-json\/wp\/v2\/pages\/1020\/revisions\/2755"}],"wp:attachment":[{"href":"https:\/\/thenations-cup.com\/es\/wp-json\/wp\/v2\/media?parent=1020"}],"curies":[{"name":"Gracias","href":"https:\/\/api.w.org\/{rel}","templated":true}]}}